{"id":6510,"date":"2022-08-17T11:47:42","date_gmt":"2022-08-17T11:47:42","guid":{"rendered":"https:\/\/2025.ain.hr\/home\/"},"modified":"2026-01-30T10:49:07","modified_gmt":"2026-01-30T10:49:07","slug":"home","status":"publish","type":"page","link":"https:\/\/2025.ain.hr\/en\/","title":{"rendered":"Home"},"content":{"rendered":"<p>[et_pb_section fb_built=&#8221;1&#8243; _builder_version=&#8221;4.18.0&#8243; _module_preset=&#8221;default&#8221; custom_padding=&#8221;0px||0px||false|false&#8221; global_colors_info=&#8221;{}&#8221;][et_pb_row _builder_version=&#8221;4.18.0&#8243; _module_preset=&#8221;default&#8221; width=&#8221;100%&#8221; max_width=&#8221;2560px&#8221; custom_padding=&#8221;0px||0px||false|false&#8221; global_colors_info=&#8221;{}&#8221;][et_pb_column type=&#8221;4_4&#8243; _builder_version=&#8221;4.18.0&#8243; _module_preset=&#8221;default&#8221; global_colors_info=&#8221;{}&#8221;][et_pb_slider use_text_overlay=&#8221;on&#8221; text_overlay_color=&#8221;rgba(0,0,0,0.5)&#8221; _builder_version=&#8221;4.27.5&#8243; _module_preset=&#8221;default&#8221; header_font_size=&#8221;30px&#8221; body_font_size=&#8221;15px&#8221; body_line_height=&#8221;1.4em&#8221; custom_button=&#8221;on&#8221; button_bg_color=&#8221;rgba(0,0,0,0.38)&#8221; content_max_width=&#8221;1000px&#8221; custom_padding=&#8221;||||false|false&#8221; auto=&#8221;on&#8221; hover_enabled=&#8221;0&#8243; global_colors_info=&#8221;{}&#8221; sticky_enabled=&#8221;0&#8243;][et_pb_slide heading=&#8221; Air, Maritime and Railway Traffic Accidents Investigation Agency &#8221; button_text=&#8221;About Us&#8221; button_link=&#8221;@ET-DC@eyJkeW5hbWljIjp0cnVlLCJjb250ZW50IjoicG9zdF9saW5rX3VybF9wYWdlIiwic2V0dGluZ3MiOnsicG9zdF9pZCI6IjQ2IiwiZW5hYmxlX2h0bWwiOiJvZmYifX0=@&#8221; use_bg_overlay=&#8221;on&#8221; admin_title=&#8221;VLAK&#8221; _builder_version=&#8221;4.27.5&#8243; _dynamic_attributes=&#8221;button_link&#8221; _module_preset=&#8221;default&#8221; header_font=&#8221;||||||||&#8221; background_enable_color=&#8221;off&#8221; background_image=&#8221;https:\/\/2025.ain.hr\/wp-content\/uploads\/2026\/01\/ain-vlak.webp&#8221; background_enable_image=&#8221;on&#8221; hover_enabled=&#8221;0&#8243; global_colors_info=&#8221;{}&#8221; sticky_transition=&#8221;on&#8221; title_text=&#8221;ain-vlak&#8221; sticky_enabled=&#8221;0&#8243;]<\/p>\n<p>Na\u0161 zadatak je provo\u0111enje istraga radi utvr\u0111ivanje uzroka nesre\u0107a te davanje sigurnosnih preporuka s ciljem njihovog sprje\u010davanja u budu\u0107nosti, a ne utvr\u0111ivanje krivnje ili odgovornosti pojedinca u svrhu njihovog kaznenog progona<\/p>\n<p>[\/et_pb_slide][et_pb_slide heading=&#8221; Air, Maritime and Railway Traffic Accidents Investigation Agency &#8221; button_text=&#8221;About Us&#8221; button_link=&#8221;@ET-DC@eyJkeW5hbWljIjp0cnVlLCJjb250ZW50IjoicG9zdF9saW5rX3VybF9wYWdlIiwic2V0dGluZ3MiOnsicG9zdF9pZCI6IjQ2IiwiZW5hYmxlX2h0bWwiOiJvZmYifX0=@&#8221; use_bg_overlay=&#8221;on&#8221; admin_title=&#8221;BROD&#8221; _builder_version=&#8221;4.27.0&#8243; _dynamic_attributes=&#8221;button_link&#8221; _module_preset=&#8221;default&#8221; header_font=&#8221;||||||||&#8221; background_enable_color=&#8221;off&#8221; background_image=&#8221;https:\/\/2025.ain.hr\/wp-content\/uploads\/2022\/12\/brod_naslovna.jpg&#8221; background_enable_image=&#8221;on&#8221; global_colors_info=&#8221;{}&#8221; sticky_transition=&#8221;on&#8221;]<\/p>\n<p>Na\u0161 zadatak je provo\u0111enje istraga radi utvr\u0111ivanje uzroka nesre\u0107a te davanje sigurnosnih preporuka s ciljem njihovog sprje\u010davanja u budu\u0107nosti, a ne utvr\u0111ivanje krivnje ili odgovornosti pojedinca u svrhu njihovog kaznenog progona<\/p>\n<p>[\/et_pb_slide][et_pb_slide heading=&#8221; Air, Maritime and Railway Traffic Accidents Investigation Agency &#8221; button_text=&#8221;About Us&#8221; button_link=&#8221;@ET-DC@eyJkeW5hbWljIjp0cnVlLCJjb250ZW50IjoicG9zdF9saW5rX3VybF9wYWdlIiwic2V0dGluZ3MiOnsicG9zdF9pZCI6IjQ2IiwiZW5hYmxlX2h0bWwiOiJvZmYifX0=@&#8221; use_bg_overlay=&#8221;on&#8221; admin_title=&#8221;AVION&#8221; _builder_version=&#8221;4.27.0&#8243; _dynamic_attributes=&#8221;button_link&#8221; _module_preset=&#8221;default&#8221; header_font=&#8221;||||||||&#8221; background_enable_color=&#8221;off&#8221; background_image=&#8221;https:\/\/2025.ain.hr\/wp-content\/uploads\/2022\/12\/avion-naslovna.jpg&#8221; background_enable_image=&#8221;on&#8221; global_colors_info=&#8221;{}&#8221; sticky_transition=&#8221;on&#8221;]<\/p>\n<p>Na\u0161 zadatak je provo\u0111enje istraga radi utvr\u0111ivanje uzroka nesre\u0107a te davanje sigurnosnih preporuka s ciljem njihovog sprje\u010davanja u budu\u0107nosti, a ne utvr\u0111ivanje krivnje ili odgovornosti pojedinca u svrhu njihovog kaznenog progona<\/p>\n<p>[\/et_pb_slide][\/et_pb_slider][\/et_pb_column][\/et_pb_row][\/et_pb_section][et_pb_section fb_built=&#8221;1&#8243; admin_label=&#8221;section&#8221; _builder_version=&#8221;4.19.4&#8243; custom_padding=&#8221;||||false|false&#8221; top_divider_style=&#8221;ramp2&#8243; top_divider_color=&#8221;#0C71C3&#8243; top_divider_flip=&#8221;vertical&#8221; bottom_divider_style=&#8221;ramp2&#8243; bottom_divider_color=&#8221;#247DBC&#8221; bottom_divider_flip=&#8221;horizontal&#8221; global_colors_info=&#8221;{}&#8221;][et_pb_row column_structure=&#8221;1_2,1_2&#8243; admin_label=&#8221;row&#8221; _builder_version=&#8221;4.19.4&#8243; background_size=&#8221;initial&#8221; background_position=&#8221;top_left&#8221; background_repeat=&#8221;repeat&#8221; width=&#8221;95%&#8221; global_colors_info=&#8221;{}&#8221;][et_pb_column type=&#8221;1_2&#8243; _builder_version=&#8221;4.16&#8243; custom_padding=&#8221;|||&#8221; global_colors_info=&#8221;{}&#8221; custom_padding__hover=&#8221;|||&#8221;][et_pb_text _builder_version=&#8221;4.19.4&#8243; _module_preset=&#8221;default&#8221; header_2_text_align=&#8221;center&#8221; header_2_font_size=&#8221;24px&#8221; custom_padding=&#8221;||10px||false|false&#8221; border_width_bottom=&#8221;1px&#8221; border_color_bottom=&#8221;#bababa&#8221; global_colors_info=&#8221;{}&#8221;]<\/p>\n<h2>The latest investigations<\/h2>\n<p>[\/et_pb_text][et_pb_custblog post_type=&#8221;istrage&#8221; posts_number=&#8221;5&#8243; meta_date=&#8221;d. F Y.&#8221; excerpt_length=&#8221;150&#8243; show_author=&#8221;off&#8221; show_pagination=&#8221;off&#8221; module_class=&#8221;loopKategorijaIstragaNaslovna&#8221; _builder_version=&#8221;4.19.4&#8243; _module_preset=&#8221;default&#8221; header_level=&#8221;h3&#8243; header_font_size=&#8221;16px&#8221; header_line_height=&#8221;1.1em&#8221; body_text_align=&#8221;left&#8221; body_line_height=&#8221;1.2em&#8221; meta_font=&#8221;||on||||||&#8221; meta_text_color=&#8221;#333333&#8243; meta_font_size=&#8221;12px&#8221; custom_css_post_meta=&#8221;background-color:#eae7e7;||padding-left:5px;||margin-top:-5px;||padding-top:2px;||padding-bottom:2px !important;&#8221; global_colors_info=&#8221;{}&#8221;][\/et_pb_custblog][et_pb_button button_url=&#8221;https:\/\/2025.ain.hr\/en\/investigations\/&#8221; button_text=&#8221;See all investigations&#8221; button_alignment=&#8221;center&#8221; _builder_version=&#8221;4.19.4&#8243; _module_preset=&#8221;default&#8221; custom_button=&#8221;on&#8221; button_text_size=&#8221;14px&#8221; button_text_color=&#8221;#FFFFFF&#8221; button_bg_color=&#8221;#247DBC&#8221; button_border_width=&#8221;0px&#8221; button_border_color=&#8221;RGBA(255,255,255,0)&#8221; button_border_radius=&#8221;40px&#8221; button_icon=&#8221;&#x49;||divi||400&#8243; button_on_hover=&#8221;off&#8221; custom_padding=&#8221;|55px||35px|false|false&#8221; global_colors_info=&#8221;{}&#8221;][\/et_pb_button][\/et_pb_column][et_pb_column type=&#8221;1_2&#8243; _builder_version=&#8221;4.16&#8243; custom_padding=&#8221;|||&#8221; global_colors_info=&#8221;{}&#8221; custom_padding__hover=&#8221;|||&#8221;][et_pb_text _builder_version=&#8221;4.19.4&#8243; _module_preset=&#8221;default&#8221; header_2_text_align=&#8221;center&#8221; header_2_font_size=&#8221;24px&#8221; custom_padding=&#8221;||10px||false|false&#8221; border_width_bottom=&#8221;1px&#8221; border_color_bottom=&#8221;#bababa&#8221; global_colors_info=&#8221;{}&#8221;]<\/p>\n<h2>The latest safety recommendations<\/h2>\n<p>[\/et_pb_text][et_pb_custblog post_type=&#8221;preporuke&#8221; posts_number=&#8221;5&#8243; meta_date=&#8221;d. F Y.&#8221; excerpt_length=&#8221;150&#8243; show_author=&#8221;off&#8221; show_pagination=&#8221;off&#8221; module_class=&#8221;loopKategorijaIstragaNaslovna&#8221; _builder_version=&#8221;4.19.4&#8243; _module_preset=&#8221;default&#8221; header_level=&#8221;h3&#8243; header_font_size=&#8221;16px&#8221; header_line_height=&#8221;1.1em&#8221; body_text_align=&#8221;left&#8221; body_line_height=&#8221;1.2em&#8221; meta_font=&#8221;||on||||||&#8221; meta_text_color=&#8221;#333333&#8243; meta_font_size=&#8221;12px&#8221; custom_css_post_meta=&#8221;background-color:#eae7e7;||padding-left:5px;||margin-top:-5px;||padding-top:2px;||padding-bottom:2px !important;&#8221; global_colors_info=&#8221;{}&#8221;][\/et_pb_custblog][et_pb_button button_url=&#8221;https:\/\/2025.ain.hr\/en\/investigations\/&#8221; button_text=&#8221;See all recommendations&#8221; button_alignment=&#8221;center&#8221; _builder_version=&#8221;4.19.4&#8243; _module_preset=&#8221;default&#8221; custom_button=&#8221;on&#8221; button_text_size=&#8221;14px&#8221; button_text_color=&#8221;#FFFFFF&#8221; button_bg_color=&#8221;#247DBC&#8221; button_border_width=&#8221;0px&#8221; button_border_color=&#8221;RGBA(255,255,255,0)&#8221; button_border_radius=&#8221;40px&#8221; button_icon=&#8221;&#x49;||divi||400&#8243; button_on_hover=&#8221;off&#8221; custom_padding=&#8221;|55px||35px|false|false&#8221; global_colors_info=&#8221;{}&#8221;][\/et_pb_button][et_pb_text _builder_version=&#8221;4.19.4&#8243; _module_preset=&#8221;default&#8221; header_2_text_align=&#8221;center&#8221; header_2_font_size=&#8221;24px&#8221; custom_padding=&#8221;35px||10px||false|false&#8221; border_width_bottom=&#8221;1px&#8221; border_color_bottom=&#8221;#bababa&#8221; global_colors_info=&#8221;{}&#8221;]<\/p>\n<h2>Search the page<\/h2>\n<p>[\/et_pb_text][el_ajax_search search_placeholder=&#8221;Pretra\u017ei istrage&#8221; no_result_text=&#8221;Nema rezultata&#8221; search_in=&#8221;on|on|off|off|off|off&#8221; include_post_types=&#8221;istrage&#8221; display_fields=&#8221;on|off|off|off&#8221; _builder_version=&#8221;4.19.4&#8243; _module_preset=&#8221;default&#8221; search_result_item_title_font=&#8221;Roboto||||||||&#8221; search_result_item_title_text_color=&#8221;#222222&#8243; search_result_item_title_font_size=&#8221;15px&#8221; form_field_font=&#8221;Roboto||||||||&#8221; form_field_font_size=&#8221;15px&#8221; custom_margin=&#8221;||15px||false|false&#8221; global_colors_info=&#8221;{}&#8221;][\/el_ajax_search][el_ajax_search search_placeholder=&#8221;Pretra\u017ei preporuke&#8221; no_result_text=&#8221;Nema rezultata&#8221; search_in=&#8221;on|on|off|off|off|off&#8221; include_post_types=&#8221;preporuke&#8221; display_fields=&#8221;on|off|off|off&#8221; _builder_version=&#8221;4.19.4&#8243; _module_preset=&#8221;default&#8221; search_result_item_title_font=&#8221;Roboto||||||||&#8221; search_result_item_title_text_color=&#8221;#222222&#8243; search_result_item_title_font_size=&#8221;15px&#8221; form_field_font=&#8221;Roboto||||||||&#8221; form_field_font_size=&#8221;15px&#8221; custom_margin=&#8221;||15px||false|false&#8221; global_colors_info=&#8221;{}&#8221;][\/el_ajax_search][\/et_pb_column][\/et_pb_row][\/et_pb_section][et_pb_section fb_built=&#8221;1&#8243; _builder_version=&#8221;4.19.4&#8243; _module_preset=&#8221;default&#8221; custom_padding=&#8221;||||false|false&#8221; top_divider_style=&#8221;slant2&#8243; top_divider_color=&#8221;#247DBC&#8221; top_divider_height=&#8221;79px&#8221; top_divider_flip=&#8221;horizontal&#8221; global_colors_info=&#8221;{}&#8221;][et_pb_row _builder_version=&#8221;4.19.4&#8243; _module_preset=&#8221;default&#8221; width=&#8221;95%&#8221; custom_padding=&#8221;||0px||false|false&#8221; global_colors_info=&#8221;{}&#8221;][et_pb_column type=&#8221;4_4&#8243; _builder_version=&#8221;4.19.4&#8243; _module_preset=&#8221;default&#8221; global_colors_info=&#8221;{}&#8221;][et_pb_text _builder_version=&#8221;4.19.4&#8243; _module_preset=&#8221;default&#8221; header_2_text_align=&#8221;center&#8221; header_2_font_size=&#8221;24px&#8221; custom_margin=&#8221;||||false|false&#8221; custom_padding=&#8221;||10px||false|false&#8221; border_width_bottom=&#8221;1px&#8221; border_color_bottom=&#8221;#bababa&#8221; global_colors_info=&#8221;{}&#8221;]<\/p>\n<h2>News<\/h2>\n<p>[\/et_pb_text][\/et_pb_column][\/et_pb_row][et_pb_row column_structure=&#8221;1_2,1_2&#8243; _builder_version=&#8221;4.19.4&#8243; _module_preset=&#8221;default&#8221; width=&#8221;95%&#8221; custom_margin=&#8221;||0px||false|false&#8221; custom_padding=&#8221;||0px||false|false&#8221; global_colors_info=&#8221;{}&#8221;][et_pb_column type=&#8221;1_2&#8243; _builder_version=&#8221;4.19.4&#8243; _module_preset=&#8221;default&#8221; global_colors_info=&#8221;{}&#8221;][et_pb_custblog include_categories_category=&#8221;2&#8243; posts_number=&#8221;2&#8243; meta_date=&#8221;d. F Y.&#8221; excerpt_length=&#8221;150&#8243; show_author=&#8221;off&#8221; show_pagination=&#8221;off&#8221; module_class=&#8221;loopKategorijaIstragaNaslovna&#8221; _builder_version=&#8221;4.19.4&#8243; _module_preset=&#8221;default&#8221; header_level=&#8221;h3&#8243; header_font_size=&#8221;16px&#8221; header_line_height=&#8221;1.1em&#8221; body_text_align=&#8221;left&#8221; body_line_height=&#8221;1.2em&#8221; meta_font=&#8221;||on||||||&#8221; meta_text_color=&#8221;#333333&#8243; meta_font_size=&#8221;12px&#8221; custom_css_post_meta=&#8221;background-color:#eae7e7;||padding-left:5px;||margin-top:-5px;||padding-top:2px;||padding-bottom:2px !important;&#8221; locked=&#8221;off&#8221; global_colors_info=&#8221;{}&#8221;][\/et_pb_custblog][\/et_pb_column][et_pb_column type=&#8221;1_2&#8243; _builder_version=&#8221;4.19.4&#8243; _module_preset=&#8221;default&#8221; global_colors_info=&#8221;{}&#8221;][et_pb_custblog include_categories_category=&#8221;2&#8243; posts_number=&#8221;2&#8243; meta_date=&#8221;d. F Y.&#8221; excerpt_length=&#8221;150&#8243; show_author=&#8221;off&#8221; show_pagination=&#8221;off&#8221; offset_number=&#8221;2&#8243; module_class=&#8221;loopKategorijaIstragaNaslovna&#8221; _builder_version=&#8221;4.19.4&#8243; _module_preset=&#8221;default&#8221; header_level=&#8221;h3&#8243; header_font_size=&#8221;16px&#8221; header_line_height=&#8221;1.1em&#8221; body_text_align=&#8221;left&#8221; body_line_height=&#8221;1.2em&#8221; meta_font=&#8221;||on||||||&#8221; meta_text_color=&#8221;#333333&#8243; meta_font_size=&#8221;12px&#8221; custom_css_post_meta=&#8221;background-color:#eae7e7;||padding-left:5px;||margin-top:-5px;||padding-top:2px;||padding-bottom:2px !important;&#8221; locked=&#8221;off&#8221; global_colors_info=&#8221;{}&#8221;][\/et_pb_custblog][\/et_pb_column][\/et_pb_row][et_pb_row _builder_version=&#8221;4.19.4&#8243; _module_preset=&#8221;default&#8221; width=&#8221;95%&#8221; custom_padding=&#8221;10px||||false|false&#8221; global_colors_info=&#8221;{}&#8221;][et_pb_column type=&#8221;4_4&#8243; _builder_version=&#8221;4.19.4&#8243; _module_preset=&#8221;default&#8221; global_colors_info=&#8221;{}&#8221;][et_pb_button button_url=&#8221;https:\/\/2025.ain.hr\/en\/category\/news\/&#8221; button_text=&#8221;See all news&#8221; button_alignment=&#8221;center&#8221; _builder_version=&#8221;4.19.4&#8243; _module_preset=&#8221;default&#8221; custom_button=&#8221;on&#8221; button_text_size=&#8221;14px&#8221; button_text_color=&#8221;#FFFFFF&#8221; button_bg_color=&#8221;#247DBC&#8221; button_border_width=&#8221;0px&#8221; button_border_color=&#8221;RGBA(255,255,255,0)&#8221; button_border_radius=&#8221;40px&#8221; button_icon=&#8221;&#x49;||divi||400&#8243; button_on_hover=&#8221;off&#8221; custom_padding=&#8221;|55px||35px|false|false&#8221; global_colors_info=&#8221;{}&#8221;][\/et_pb_button][\/et_pb_column][\/et_pb_row][\/et_pb_section][et_pb_section fb_built=&#8221;1&#8243; prev_background_color=&#8221;#ffffff&#8221; disabled_on=&#8221;on|on|on&#8221; _builder_version=&#8221;4.23.1&#8243; _module_preset=&#8221;default&#8221; background_color=&#8221;#f2f2f2&#8243; custom_padding=&#8221;||70px|||&#8221; top_divider_style=&#8221;slant2&#8243; top_divider_height=&#8221;79px&#8221; bottom_divider_style=&#8221;ramp2&#8243; bottom_divider_color=&#8221;#FFFFFF&#8221; bottom_divider_height=&#8221;79px&#8221; disabled=&#8221;on&#8221; global_colors_info=&#8221;{}&#8221;][et_pb_row column_structure=&#8221;1_2,1_2&#8243; use_custom_gutter=&#8221;on&#8221; gutter_width=&#8221;2&#8243; _builder_version=&#8221;4.23.1&#8243; _module_preset=&#8221;default&#8221; width=&#8221;95%&#8221; custom_css_main_element=&#8221;display: flex;||flex-wrap: wrap;&#8221; global_colors_info=&#8221;{}&#8221;][et_pb_column type=&#8221;1_2&#8243; _builder_version=&#8221;4.23.1&#8243; _module_preset=&#8221;default&#8221; custom_css_main_element=&#8221;display: flex;||flex-direction: column;||justify-content: center;&#8221; global_colors_info=&#8221;{}&#8221;][et_pb_blurb image=&#8221;https:\/\/2025.ain.hr\/wp-content\/uploads\/2023\/11\/ain-10-godina-naslovna-1.jpg&#8221; alt=&#8221;AIN 10 years &#8221; image_icon_width=&#8221;250px&#8221; _builder_version=&#8221;4.23.1&#8243; _module_preset=&#8221;default&#8221; header_font_size=&#8221;25px&#8221; body_font_size=&#8221;20px&#8221; body_line_height=&#8221;1.8em&#8221; text_orientation=&#8221;center&#8221; child_mix_blend_mode=&#8221;multiply&#8221; global_colors_info=&#8221;{}&#8221;]<\/p>\n<p>10 godina Agencije za istra\u017eivanje nesre\u0107a u zra\u010dnom, pomorskom i \u017eeljezni\u010dkom prometu<\/p>\n<p>[\/et_pb_blurb][\/et_pb_column][et_pb_column type=&#8221;1_2&#8243; _builder_version=&#8221;4.23.1&#8243; _module_preset=&#8221;default&#8221; custom_css_main_element=&#8221;display: flex;||flex-direction: column;||justify-content: center;&#8221; global_colors_info=&#8221;{}&#8221;][et_pb_video src=&#8221;https:\/\/vimeo.com\/827591893&#8243; image_src=&#8221;https:\/\/2025.ain.hr\/wp-content\/uploads\/2023\/11\/ain-video-cover.jpg&#8221; disabled_on=&#8221;on|on|on&#8221; _builder_version=&#8221;4.27.0&#8243; _module_preset=&#8221;default&#8221; global_colors_info=&#8221;{}&#8221;][\/et_pb_video][\/et_pb_column][\/et_pb_row][\/et_pb_section]<\/p>\n","protected":false},"excerpt":{"rendered":"<p>Na\u0161 zadatak je provo\u0111enje istraga radi utvr\u0111ivanje uzroka nesre\u0107a te davanje sigurnosnih preporuka s ciljem njihovog sprje\u010davanja u budu\u0107nosti, a ne utvr\u0111ivanje krivnje ili odgovornosti pojedinca u svrhu njihovog kaznenog progonaNa\u0161 zadatak je provo\u0111enje istraga radi utvr\u0111ivanje uzroka nesre\u0107a te davanje sigurnosnih preporuka s ciljem njihovog sprje\u010davanja u budu\u0107nosti, a ne utvr\u0111ivanje krivnje ili odgovornosti [&hellip;]<\/p>\n","protected":false},"author":1,"featured_media":0,"parent":0,"menu_order":0,"comment_status":"closed","ping_status":"closed","template":"","meta":{"_et_pb_use_builder":"on","_et_pb_old_content":"","_et_gb_content_width":"","footnotes":""},"class_list":["post-6510","page","type-page","status-publish","hentry"],"_links":{"self":[{"href":"https:\/\/2025.ain.hr\/en\/wp-json\/wp\/v2\/pages\/6510","targetHints":{"allow":["GET"]}}],"collection":[{"href":"https:\/\/2025.ain.hr\/en\/wp-json\/wp\/v2\/pages"}],"about":[{"href":"https:\/\/2025.ain.hr\/en\/wp-json\/wp\/v2\/types\/page"}],"author":[{"embeddable":true,"href":"https:\/\/2025.ain.hr\/en\/wp-json\/wp\/v2\/users\/1"}],"replies":[{"embeddable":true,"href":"https:\/\/2025.ain.hr\/en\/wp-json\/wp\/v2\/comments?post=6510"}],"version-history":[{"count":3,"href":"https:\/\/2025.ain.hr\/en\/wp-json\/wp\/v2\/pages\/6510\/revisions"}],"predecessor-version":[{"id":6650,"href":"https:\/\/2025.ain.hr\/en\/wp-json\/wp\/v2\/pages\/6510\/revisions\/6650"}],"wp:attachment":[{"href":"https:\/\/2025.ain.hr\/en\/wp-json\/wp\/v2\/media?parent=6510"}],"curies":[{"name":"wp","href":"https:\/\/api.w.org\/{rel}","templated":true}]}}