{"id":6499,"date":"2022-08-17T13:01:50","date_gmt":"2022-08-17T13:01:50","guid":{"rendered":"https:\/\/2025.ain.hr\/about-us\/"},"modified":"2025-03-28T11:42:04","modified_gmt":"2025-03-28T11:42:04","slug":"about-us","status":"publish","type":"page","link":"https:\/\/2025.ain.hr\/en\/about-us\/","title":{"rendered":"About Us"},"content":{"rendered":"<p>[et_pb_section fb_built=&#8221;1&#8243; custom_padding_last_edited=&#8221;on|phone&#8221; _builder_version=&#8221;4.19.4&#8243; _module_preset=&#8221;default&#8221; custom_padding=&#8221;75px||0px||false|false&#8221; custom_padding_tablet=&#8221;75px||0px||false|false&#8221; custom_padding_phone=&#8221;50px||||false|false&#8221; top_divider_style=&#8221;ramp2&#8243; top_divider_color=&#8221;#0C71C3&#8243; top_divider_flip=&#8221;vertical&#8221; top_divider_height_tablet=&#8221;&#8221; top_divider_height_phone=&#8221;60px&#8221; top_divider_height_last_edited=&#8221;on|phone&#8221; global_colors_info=&#8221;{}&#8221;][et_pb_row column_structure=&#8221;3_4,1_4&#8243; _builder_version=&#8221;4.20.1&#8243; _module_preset=&#8221;default&#8221; width=&#8221;95%&#8221; custom_padding=&#8221;||0px||false|false&#8221; global_colors_info=&#8221;{}&#8221;][et_pb_column type=&#8221;3_4&#8243; _builder_version=&#8221;4.19.4&#8243; _module_preset=&#8221;default&#8221; global_colors_info=&#8221;{}&#8221;][et_pb_text ul_item_indent=&#8221;35px&#8221; _builder_version=&#8221;4.19.4&#8243; _module_preset=&#8221;default&#8221; text_font_size=&#8221;15px&#8221; ul_line_height=&#8221;1.8em&#8221; header_2_text_align=&#8221;left&#8221; text_orientation=&#8221;justified&#8221; text_font_size_tablet=&#8221;15px&#8221; text_font_size_phone=&#8221;14px&#8221; text_font_size_last_edited=&#8221;on|phone&#8221; global_colors_info=&#8221;{}&#8221;]<\/p>\n<h2>Agencija za istra\u017eivanje nesre\u0107a u zra\u010dnom, pomorskom i \u017eeljezni\u010dkom prometu<\/h2>\n<p>Agencija za istra\u017eivanje nesre\u0107a u zra\u010dnom, pomorskom i \u017eeljezni\u010dkom prometu (u daljnjem tekstu: Agencija) osnovana je Zakonom o osnivanju Agencije za istra\u017eivanje nesre\u0107a u zra\u010dnom, pomorskom i \u017eeljezni\u010dkom prometu (\u201eNarodne novine\u201c, NN 54\/13, 96\/18 &#8211; u daljnjem tekstu: Zakon).<\/p>\n<ul>\n<li>Agencija je pravna osoba koja na temelju javnih ovlasti samostalno obavlja poslove odre\u0111ene Zakonom, kao djelatnost od interesa za Republiku Hrvatsku.<\/li>\n<li>Agencija je funkcionalno i organizacijski nezavisna od svih tijela nadle\u017enih za zra\u010dni, pomorski i \u017eeljezni\u010dki promet te od svih pravnih i fizi\u010dkih osoba.<\/li>\n<li>Agencija je osnovana kao nezavisno tijelo za istra\u017eivanje nesre\u0107a u zra\u010dnom, pomorskom i \u017eeljezni\u010dkom prometu, koje potpuno autonomno provodi sigurnosne istrage s ciljem i zadatkom utvr\u0111ivanja uzroka nesre\u0107a te s tim u vezi izdavanja sigurnosnih preporuka na osnovu nalaza provedenih sigurnosnih istraga.<\/li>\n<li>Djelatnost Agencije obuhva\u0107a poslove istra\u017eivanja nesre\u0107a i ozbiljnih nezgoda zrakoplova, poslove sigurnosnih istraga u svrhu utvr\u0111ivanja uzroka nesre\u0107e i predlaganja mjera radi izbjegavanja pomorskih nesre\u0107a te unapre\u0111ivanja sigurnosti plovidbe, kao i poslove istra\u017eivanja ozbiljnih nesre\u0107a u \u017eeljezni\u010dkom prometu te izvanrednih doga\u0111aja koji su pod odre\u0111enim okolnostima mogli dovesti do ozbiljnih nesre\u0107a.<\/li>\n<\/ul>\n<p>[\/et_pb_text][\/et_pb_column][et_pb_column type=&#8221;1_4&#8243; _builder_version=&#8221;4.20.1&#8243; _module_preset=&#8221;default&#8221; global_colors_info=&#8221;{}&#8221;][et_pb_sidebar orientation=&#8221;right&#8221; area=&#8221;et_pb_widget_area_3&#8243; show_border=&#8221;off&#8221; module_class=&#8221;onamaSidebarStyle&#8221; _builder_version=&#8221;4.19.4&#8243; _module_preset=&#8221;default&#8221; global_colors_info=&#8221;{}&#8221;][\/et_pb_sidebar][\/et_pb_column][\/et_pb_row][\/et_pb_section][et_pb_section fb_built=&#8221;1&#8243; _builder_version=&#8221;4.19.4&#8243; _module_preset=&#8221;default&#8221; background_color=&#8221;rgba(147,149,152,0.09)&#8221; custom_padding=&#8221;||||false|false&#8221; global_colors_info=&#8221;{}&#8221;][et_pb_row column_structure=&#8221;1_2,1_2&#8243; use_custom_gutter=&#8221;on&#8221; gutter_width=&#8221;1&#8243; custom_padding_last_edited=&#8221;on|desktop&#8221; _builder_version=&#8221;4.19.4&#8243; _module_preset=&#8221;default&#8221; background_enable_color=&#8221;off&#8221; width=&#8221;100%&#8221; custom_padding=&#8221;0px||0px||false|false&#8221; custom_padding_tablet=&#8221;||25px||false|false&#8221; custom_padding_phone=&#8221;0px||25px||false|false&#8221; custom_css_main_element=&#8221;display: flex;||flex-wrap: wrap;&#8221; global_colors_info=&#8221;{}&#8221;][et_pb_column type=&#8221;1_2&#8243; _builder_version=&#8221;4.19.4&#8243; _module_preset=&#8221;default&#8221; custom_css_main_element=&#8221;display: flex;||flex-direction: column;||justify-content: center;&#8221; global_colors_info=&#8221;{}&#8221;][et_pb_image src=&#8221;https:\/\/2025.ain.hr\/wp-content\/uploads\/2022\/12\/o-nama_02.jpg&#8221; alt=&#8221;Agencija za istra\u017eivanje nesre\u0107a u zra\u010dnom, pomorskom i \u017eeljezni\u010dkom prometu&#8221; title_text=&#8221;Agencija za istra\u017eivanje nesre\u0107a u zra\u010dnom, pomorskom i \u017eeljezni\u010dkom prometu&#8221; _builder_version=&#8221;4.19.4&#8243; _module_preset=&#8221;default&#8221; global_colors_info=&#8221;{}&#8221;][\/et_pb_image][\/et_pb_column][et_pb_column type=&#8221;1_2&#8243; _builder_version=&#8221;4.19.4&#8243; _module_preset=&#8221;default&#8221; custom_padding=&#8221;|50px||50px|false|false&#8221; custom_css_main_element=&#8221;display: flex;||flex-direction: column;||justify-content: center;&#8221; global_colors_info=&#8221;{}&#8221;][et_pb_text ul_item_indent=&#8221;35px&#8221; _builder_version=&#8221;4.19.4&#8243; _module_preset=&#8221;default&#8221; text_font_size=&#8221;15px&#8221; text_line_height=&#8221;1.8em&#8221; text_orientation=&#8221;justified&#8221; custom_padding_tablet=&#8221;35px||||false|false&#8221; custom_padding_phone=&#8221;35px||||false|false&#8221; custom_padding_last_edited=&#8221;on|tablet&#8221; text_font_size_tablet=&#8221;15px&#8221; text_font_size_phone=&#8221;14px&#8221; text_font_size_last_edited=&#8221;on|desktop&#8221; text_line_height_tablet=&#8221;1.7em&#8221; text_line_height_phone=&#8221;1.7em&#8221; text_line_height_last_edited=&#8221;on|desktop&#8221; global_colors_info=&#8221;{}&#8221;]<\/p>\n<h2>Misija<\/h2>\n<p>Misija Agencije je nezavisno, stru\u010dno, efikasno i racionalno obavljanje poslova i javnih ovlasti koje su temeljem Zakona stavljene u nadle\u017enost Agencije, sa svrhom aktivnog utjecaja na sigurnost zra\u010dnog, pomorskog i \u017eeljezni\u010dkog prometa te sprje\u010davanja budu\u0107ih nesre\u0107a, putem sigurnosnih preporuka koje se temelje na neovisnom i stru\u010dnom nalazu provedene sigurnosne istrage.<\/p>\n<p>[\/et_pb_text][\/et_pb_column][\/et_pb_row][et_pb_row column_structure=&#8221;1_2,1_2&#8243; use_custom_gutter=&#8221;on&#8221; gutter_width=&#8221;1&#8243; _builder_version=&#8221;4.19.4&#8243; _module_preset=&#8221;default&#8221; width=&#8221;100%&#8221; custom_padding=&#8221;0px||0px||false|false&#8221; custom_css_main_element=&#8221;display: flex;||flex-wrap: wrap;&#8221; global_colors_info=&#8221;{}&#8221;][et_pb_column type=&#8221;1_2&#8243; _builder_version=&#8221;4.19.4&#8243; _module_preset=&#8221;default&#8221; custom_padding=&#8221;|50px||50px|false|false&#8221; custom_css_main_element=&#8221;display: flex;||flex-direction: column;||justify-content: center;&#8221; global_colors_info=&#8221;{}&#8221;][et_pb_text ul_item_indent=&#8221;35px&#8221; _builder_version=&#8221;4.19.4&#8243; _module_preset=&#8221;default&#8221; text_font_size=&#8221;15px&#8221; text_line_height=&#8221;1.8em&#8221; text_orientation=&#8221;justified&#8221; custom_padding_tablet=&#8221;||35px||false|false&#8221; custom_padding_phone=&#8221;||35px||false|false&#8221; custom_padding_last_edited=&#8221;on|tablet&#8221; text_font_size_tablet=&#8221;15px&#8221; text_font_size_phone=&#8221;14px&#8221; text_font_size_last_edited=&#8221;on|desktop&#8221; global_colors_info=&#8221;{}&#8221;]<\/p>\n<h2>Vizija<\/h2>\n<p>Vizija Agencija usmjerena je na potpuno ostvarenje javne funkcije kao nezavisnog i stru\u010dnog tijela koje obavlja istra\u017ene radnje radi utvr\u0111ivanja uzroka nesre\u0107a u zra\u010dnom, pomorskom i \u017eeljezni\u010dkom prometa, a radi njihovog sprje\u010davanja u budu\u0107nosti, postupaju\u0107i pri tome po unaprijed utvr\u0111enim i propisanim stru\u010dnim procedurama temeljenim na standardima struke i mjerama prethodne verifikacije nalaza uzroka nesre\u0107a, kao i mjerama verifikacije koje prethode objavi sigurnosnih preporuka koje imaju utjecaj na pozitivne promjene vezane uz ja\u010danje sigurnosti zra\u010dnog, pomorskog i \u017eeljezni\u010dkog prometa.<\/p>\n<p>[\/et_pb_text][\/et_pb_column][et_pb_column type=&#8221;1_2&#8243; _builder_version=&#8221;4.19.4&#8243; _module_preset=&#8221;default&#8221; custom_css_main_element=&#8221;display: flex;||flex-direction: column;||justify-content: center;&#8221; global_colors_info=&#8221;{}&#8221;][et_pb_image src=&#8221;https:\/\/2025.ain.hr\/wp-content\/uploads\/2022\/12\/o-nama-_01.jpg&#8221; alt=&#8221;Agencija za istra\u017eivanje nesre\u0107a u zra\u010dnom, pomorskom i \u017eeljezni\u010dkom prometu&#8221; title_text=&#8221;Agencija za istra\u017eivanje nesre\u0107a u zra\u010dnom, pomorskom i \u017eeljezni\u010dkom prometu&#8221; disabled_on=&#8221;off|off|off&#8221; _builder_version=&#8221;4.19.4&#8243; _module_preset=&#8221;default&#8221; global_colors_info=&#8221;{}&#8221;][\/et_pb_image][\/et_pb_column][\/et_pb_row][\/et_pb_section][et_pb_section fb_built=&#8221;1&#8243; _builder_version=&#8221;4.19.4&#8243; _module_preset=&#8221;default&#8221; global_colors_info=&#8221;{}&#8221;][et_pb_row column_structure=&#8221;2_3,1_3&#8243; _builder_version=&#8221;4.19.4&#8243; _module_preset=&#8221;default&#8221; width=&#8221;95%&#8221; custom_css_main_element=&#8221;display: flex;||flex-wrap: wrap;&#8221; global_colors_info=&#8221;{}&#8221;][et_pb_column type=&#8221;2_3&#8243; _builder_version=&#8221;4.19.4&#8243; _module_preset=&#8221;default&#8221; custom_css_main_element=&#8221;display: flex;||flex-direction: column;||justify-content: center;&#8221; global_colors_info=&#8221;{}&#8221;][et_pb_text ul_item_indent=&#8221;35px&#8221; _builder_version=&#8221;4.19.4&#8243; _module_preset=&#8221;default&#8221; text_font_size=&#8221;15px&#8221; text_line_height=&#8221;1.8em&#8221; ul_line_height=&#8221;1.9em&#8221; global_colors_info=&#8221;{}&#8221;]<\/p>\n<h2>Strategija<\/h2>\n<p>Kako bi se osigurala svrha osnivanja (misija), te ostvarili utvr\u0111eni ciljevi razvoja (vizija) Agencije, primjenjuju se slijede\u0107e strate\u0161ke odrednice u radu i upravljanju Agencijom:<\/p>\n<ul>\n<li>suradnja s drugim dr\u017eavnim istra\u017enim tijelima s ciljem sklapanja ugovora o suradnji na provo\u0111enju istra\u017enih radnji, kako bi se osigurala visoka razina u\u010dinkovitosti, \u017eurnosti i kakvo\u0107e istraga iz nadle\u017enosti Agencije, a \u010diji je jedini cilj sprije\u010diti nesre\u0107e i nezgode u budu\u0107nosti, ne utvr\u0111uju\u0107i pritom krivnju ili kaznenu odgovornost,<\/li>\n<li>stalna i sustavna edukacija managementa i zaposlenika, poglavito istra\u017eitelja po specijalnostima te u tom smislu uspostava intenzivne komunikacije i suradnje s drugim srodnim istra\u017enim tijelima i organizacijama u Europskoj uniji, a radi razmjene znanja i iskustava<\/li>\n<li>zapo\u0161ljavanje najkvalitetnijih stru\u010dnih kadrova koji postoje na tr\u017ei\u0161tu rada i njihovo stalno stru\u010dno usavr\u0161avanje u podru\u010dju sigurnosnih istraga nesre\u0107a u zra\u010dnom, pomorskom i \u017eeljezni\u010dkom prometu,<\/li>\n<li>stru\u010dna suradnja s doma\u0107im i inozemnim, nezavisnim, stru\u010dnjacima iz raznih znanstvenih podru\u010dja, koji svojim stru\u010dnim znanjem i iskustvom mogu pridonijeti to\u010dnom utvr\u0111ivanju uzroka nesre\u0107a kao i poduzimanju mjera radi njihovog sprje\u010davanja u budu\u0107nosti,<\/li>\n<li>jasno definiranje djelokruga rada i odgovornosti unutarnjih ustrojstvenih jedinica i svakog pojedinca u Agenciji,<\/li>\n<li>uspostava sustava upravljanja kvalitetom, utvr\u0111ivanje i propisivanje stru\u010dne metodologije provo\u0111enja sigurnosnih istraga te propisivanje verifikacijske nalaza sigurnosnih istraga i sigurnosnih preporuka u postupku utvr\u0111ivanja uzroka nesre\u0107a i objave sigurnosnih preporuka,<\/li>\n<li>osiguravanje transparentnosti u radu Agencije u svim aspektima poslovanja i djelovanja, posebice u postupanju s primjedbama i prigovorima na objavljene nalaze sigurnosnih istraga i sigurnosnih preporuka,<\/li>\n<li>kori\u0161tenje vanjskih usluga za djelatnosti za koje nema ekonomskog opravdanja obavljati ih vlastitim resursima Agencije,<\/li>\n<li>apliciranje za nov\u010dana sredstva iz fondova Europske unije za financiranje pojedinih projekata va\u017enih za rad i stru\u010dni razvoj Agencije, pojedina\u010dno ili u suradnji s drugim istovrsnim organizacijama i tijelima.<\/li>\n<\/ul>\n<p>[\/et_pb_text][\/et_pb_column][et_pb_column type=&#8221;1_3&#8243; _builder_version=&#8221;4.19.4&#8243; _module_preset=&#8221;default&#8221; custom_css_main_element=&#8221;display: flex;||flex-direction: column;||justify-content: center;&#8221; global_colors_info=&#8221;{}&#8221;][et_pb_image src=&#8221;https:\/\/2025.ain.hr\/wp-content\/uploads\/2022\/12\/ain-100x200cm-v2.jpg&#8221; alt=&#8221;Agencija za istra\u017eivanje nesre\u0107a u zra\u010dnom, pomorskom i \u017eeljezni\u010dkom prometu&#8221; title_text=&#8221;Agencija za istra\u017eivanje nesre\u0107a u zra\u010dnom, pomorskom i \u017eeljezni\u010dkom prometu&#8221; align=&#8221;center&#8221; force_fullwidth=&#8221;on&#8221; _builder_version=&#8221;4.19.4&#8243; _module_preset=&#8221;default&#8221; global_colors_info=&#8221;{}&#8221;][\/et_pb_image][\/et_pb_column][\/et_pb_row][\/et_pb_section][et_pb_section fb_built=&#8221;1&#8243; prev_background_color=&#8221;#ffffff&#8221; _builder_version=&#8221;4.23.1&#8243; _module_preset=&#8221;default&#8221; background_color=&#8221;#f2f2f2&#8243; custom_padding=&#8221;||70px|||&#8221; top_divider_style=&#8221;slant2&#8243; top_divider_height=&#8221;79px&#8221; bottom_divider_style=&#8221;ramp2&#8243; bottom_divider_color=&#8221;#FFFFFF&#8221; bottom_divider_height=&#8221;79px&#8221; locked=&#8221;off&#8221; global_colors_info=&#8221;{}&#8221;][\/et_pb_section]<\/p>\n","protected":false},"excerpt":{"rendered":"<p>Agencija za istra\u017eivanje nesre\u0107a u zra\u010dnom, pomorskom i \u017eeljezni\u010dkom prometu Agencija za istra\u017eivanje nesre\u0107a u zra\u010dnom, pomorskom i \u017eeljezni\u010dkom prometu (u daljnjem tekstu: Agencija) osnovana je Zakonom o osnivanju Agencije za istra\u017eivanje nesre\u0107a u zra\u010dnom, pomorskom i \u017eeljezni\u010dkom prometu (\u201eNarodne novine\u201c, NN 54\/13, 96\/18 &#8211; u daljnjem tekstu: Zakon). Agencija je pravna osoba koja na [&hellip;]<\/p>\n","protected":false},"author":1,"featured_media":0,"parent":0,"menu_order":0,"comment_status":"closed","ping_status":"closed","template":"","meta":{"_et_pb_use_builder":"on","_et_pb_old_content":"","_et_gb_content_width":"","footnotes":""},"class_list":["post-6499","page","type-page","status-publish","hentry"],"_links":{"self":[{"href":"https:\/\/2025.ain.hr\/en\/wp-json\/wp\/v2\/pages\/6499","targetHints":{"allow":["GET"]}}],"collection":[{"href":"https:\/\/2025.ain.hr\/en\/wp-json\/wp\/v2\/pages"}],"about":[{"href":"https:\/\/2025.ain.hr\/en\/wp-json\/wp\/v2\/types\/page"}],"author":[{"embeddable":true,"href":"https:\/\/2025.ain.hr\/en\/wp-json\/wp\/v2\/users\/1"}],"replies":[{"embeddable":true,"href":"https:\/\/2025.ain.hr\/en\/wp-json\/wp\/v2\/comments?post=6499"}],"version-history":[{"count":1,"href":"https:\/\/2025.ain.hr\/en\/wp-json\/wp\/v2\/pages\/6499\/revisions"}],"predecessor-version":[{"id":6500,"href":"https:\/\/2025.ain.hr\/en\/wp-json\/wp\/v2\/pages\/6499\/revisions\/6500"}],"wp:attachment":[{"href":"https:\/\/2025.ain.hr\/en\/wp-json\/wp\/v2\/media?parent=6499"}],"curies":[{"name":"wp","href":"https:\/\/api.w.org\/{rel}","templated":true}]}}