{"id":43,"date":"2022-08-17T13:01:42","date_gmt":"2022-08-17T13:01:42","guid":{"rendered":"https:\/\/2025.ain.hr\/?page_id=43"},"modified":"2025-02-28T10:27:48","modified_gmt":"2025-02-28T10:27:48","slug":"kontakt","status":"publish","type":"page","link":"https:\/\/2025.ain.hr\/en\/kontakt\/","title":{"rendered":"Kontakt"},"content":{"rendered":"<p>[et_pb_section fb_built=&#8221;1&#8243; _builder_version=&#8221;4.19.4&#8243; _module_preset=&#8221;default&#8221; custom_padding=&#8221;||||false|false&#8221; top_divider_style=&#8221;ramp2&#8243; top_divider_color=&#8221;#0C71C3&#8243; top_divider_flip=&#8221;vertical&#8221; global_colors_info=&#8221;{}&#8221;][et_pb_row column_structure=&#8221;1_2,1_2&#8243; _builder_version=&#8221;4.19.4&#8243; _module_preset=&#8221;default&#8221; width=&#8221;95%&#8221; global_colors_info=&#8221;{}&#8221;][et_pb_column type=&#8221;1_2&#8243; _builder_version=&#8221;4.18.0&#8243; _module_preset=&#8221;default&#8221; global_colors_info=&#8221;{}&#8221;][et_pb_text _builder_version=&#8221;4.27.4&#8243; _module_preset=&#8221;default&#8221; global_colors_info=&#8221;{}&#8221;]<\/p>\n<h2>AGENCIJA ZA ISTRA\u017dIVANJE NESRE\u0106A U ZRA\u010cNOM, POMORSKOM I \u017dELJEZNI\u010cKOM PROMETU<\/h2>\n<blockquote>\n<p>Radni\u010dka cesta 177, 10000 Zagreb<br \/>T: +385 1 8886 830<br \/>F: +385 1 8886 831<br \/>Web stranica: <a href=\"http:\/\/www.ain.hr\">www.ain.hr<\/a><br \/>E-mail: <a href=\"mailto:info@ain.hr\">info@ain.hr<\/a><\/p>\n<p>&nbsp;<\/p>\n<p><strong>KONTAKT ZA MEDIJE<\/strong><\/p>\n<p>E-mail: <a href=\"mailto:press@ain.hr\" title=\"press@ain.hr\">press@ain.hr<\/a><\/p>\n<\/blockquote>\n<p>[\/et_pb_text][et_pb_contact_form use_spam_service=&#8221;on&#8221; recaptcha_list=&#8221;ainhr ReCaptcha v3|ainhr ReCaptcha v3-0&#8243; email=&#8221;info@ain.hr&#8221; custom_message=&#8221;Ime i prezime: %%ime%%||et_pb_line_break_holder||Email: %%Email%%||et_pb_line_break_holder||Sla\u017eem se sa uvjetima privatnosti: %%Uvjeti%%||et_pb_line_break_holder||Tema: %%Tema%%||et_pb_line_break_holder||Poruka:%%Poruka%%&#8221; success_message=&#8221;Va\u0161a poruka je uspje\u0161no poslana. Odgovoriti \u0107emo Vam u najkra\u0107em mogu\u0107em roku. Hvala!&#8221; submit_button_text=&#8221;Po\u0161alji&#8221; _builder_version=&#8221;4.19.4&#8243; _module_preset=&#8221;default&#8221; _unique_id=&#8221;da036a20-82d5-4510-988e-33f04ec00526&#8243; form_field_background_color=&#8221;rgba(147,149,152,0.09)&#8221; form_field_text_color=&#8221;#000000&#8243; form_field_focus_text_color=&#8221;#2A5298&#8243; custom_button=&#8221;on&#8221; button_text_size=&#8221;16px&#8221; button_text_color=&#8221;#FFFFFF&#8221; button_bg_color=&#8221;#247DBC&#8221; button_border_width=&#8221;0px&#8221; button_border_radius=&#8221;0px&#8221; button_icon=&#8221;&#xf1d8;||fa||400&#8243; button_on_hover=&#8221;off&#8221; button_custom_padding=&#8221;5px|55px|5px|35px|false|false&#8221; global_colors_info=&#8221;{}&#8221;][et_pb_contact_field field_id=&#8221;ime&#8221; field_title=&#8221;Ime i prezime&#8221; _builder_version=&#8221;4.19.4&#8243; global_colors_info=&#8221;{}&#8221; button_text_size__hover_enabled=&#8221;off&#8221; button_one_text_size__hover_enabled=&#8221;off&#8221; button_two_text_size__hover_enabled=&#8221;off&#8221; button_text_color__hover_enabled=&#8221;off&#8221; button_one_text_color__hover_enabled=&#8221;off&#8221; button_two_text_color__hover_enabled=&#8221;off&#8221; button_border_width__hover_enabled=&#8221;off&#8221; button_one_border_width__hover_enabled=&#8221;off&#8221; button_two_border_width__hover_enabled=&#8221;off&#8221; button_border_color__hover_enabled=&#8221;off&#8221; button_one_border_color__hover_enabled=&#8221;off&#8221; button_two_border_color__hover_enabled=&#8221;off&#8221; button_border_radius__hover_enabled=&#8221;off&#8221; button_one_border_radius__hover_enabled=&#8221;off&#8221; button_two_border_radius__hover_enabled=&#8221;off&#8221; button_letter_spacing__hover_enabled=&#8221;off&#8221; button_one_letter_spacing__hover_enabled=&#8221;off&#8221; button_two_letter_spacing__hover_enabled=&#8221;off&#8221; button_bg_color__hover_enabled=&#8221;off&#8221; button_one_bg_color__hover_enabled=&#8221;off&#8221; button_two_bg_color__hover_enabled=&#8221;off&#8221;][\/et_pb_contact_field][et_pb_contact_field field_id=&#8221;Email&#8221; field_title=&#8221;Email Adresa&#8221; field_type=&#8221;email&#8221; _builder_version=&#8221;4.19.4&#8243; global_colors_info=&#8221;{}&#8221; button_text_size__hover_enabled=&#8221;off&#8221; button_one_text_size__hover_enabled=&#8221;off&#8221; button_two_text_size__hover_enabled=&#8221;off&#8221; button_text_color__hover_enabled=&#8221;off&#8221; button_one_text_color__hover_enabled=&#8221;off&#8221; button_two_text_color__hover_enabled=&#8221;off&#8221; button_border_width__hover_enabled=&#8221;off&#8221; button_one_border_width__hover_enabled=&#8221;off&#8221; button_two_border_width__hover_enabled=&#8221;off&#8221; button_border_color__hover_enabled=&#8221;off&#8221; button_one_border_color__hover_enabled=&#8221;off&#8221; button_two_border_color__hover_enabled=&#8221;off&#8221; button_border_radius__hover_enabled=&#8221;off&#8221; button_one_border_radius__hover_enabled=&#8221;off&#8221; button_two_border_radius__hover_enabled=&#8221;off&#8221; button_letter_spacing__hover_enabled=&#8221;off&#8221; button_one_letter_spacing__hover_enabled=&#8221;off&#8221; button_two_letter_spacing__hover_enabled=&#8221;off&#8221; button_bg_color__hover_enabled=&#8221;off&#8221; button_one_bg_color__hover_enabled=&#8221;off&#8221; button_two_bg_color__hover_enabled=&#8221;off&#8221;][\/et_pb_contact_field][et_pb_contact_field field_id=&#8221;Tema&#8221; field_title=&#8221;Tema&#8221; fullwidth_field=&#8221;on&#8221; _builder_version=&#8221;4.19.4&#8243; global_colors_info=&#8221;{}&#8221; button_text_size__hover_enabled=&#8221;off&#8221; button_one_text_size__hover_enabled=&#8221;off&#8221; button_two_text_size__hover_enabled=&#8221;off&#8221; button_text_color__hover_enabled=&#8221;off&#8221; button_one_text_color__hover_enabled=&#8221;off&#8221; button_two_text_color__hover_enabled=&#8221;off&#8221; button_border_width__hover_enabled=&#8221;off&#8221; button_one_border_width__hover_enabled=&#8221;off&#8221; button_two_border_width__hover_enabled=&#8221;off&#8221; button_border_color__hover_enabled=&#8221;off&#8221; button_one_border_color__hover_enabled=&#8221;off&#8221; button_two_border_color__hover_enabled=&#8221;off&#8221; button_border_radius__hover_enabled=&#8221;off&#8221; button_one_border_radius__hover_enabled=&#8221;off&#8221; button_two_border_radius__hover_enabled=&#8221;off&#8221; button_letter_spacing__hover_enabled=&#8221;off&#8221; button_one_letter_spacing__hover_enabled=&#8221;off&#8221; button_two_letter_spacing__hover_enabled=&#8221;off&#8221; button_bg_color__hover_enabled=&#8221;off&#8221; button_one_bg_color__hover_enabled=&#8221;off&#8221; button_two_bg_color__hover_enabled=&#8221;off&#8221;][\/et_pb_contact_field][et_pb_contact_field field_id=&#8221;Poruka&#8221; field_title=&#8221;Poruka&#8221; field_type=&#8221;text&#8221; fullwidth_field=&#8221;on&#8221; _builder_version=&#8221;4.19.4&#8243; global_colors_info=&#8221;{}&#8221; button_text_size__hover_enabled=&#8221;off&#8221; button_one_text_size__hover_enabled=&#8221;off&#8221; button_two_text_size__hover_enabled=&#8221;off&#8221; button_text_color__hover_enabled=&#8221;off&#8221; button_one_text_color__hover_enabled=&#8221;off&#8221; button_two_text_color__hover_enabled=&#8221;off&#8221; button_border_width__hover_enabled=&#8221;off&#8221; button_one_border_width__hover_enabled=&#8221;off&#8221; button_two_border_width__hover_enabled=&#8221;off&#8221; button_border_color__hover_enabled=&#8221;off&#8221; button_one_border_color__hover_enabled=&#8221;off&#8221; button_two_border_color__hover_enabled=&#8221;off&#8221; button_border_radius__hover_enabled=&#8221;off&#8221; button_one_border_radius__hover_enabled=&#8221;off&#8221; button_two_border_radius__hover_enabled=&#8221;off&#8221; button_letter_spacing__hover_enabled=&#8221;off&#8221; button_one_letter_spacing__hover_enabled=&#8221;off&#8221; button_two_letter_spacing__hover_enabled=&#8221;off&#8221; button_bg_color__hover_enabled=&#8221;off&#8221; button_one_bg_color__hover_enabled=&#8221;off&#8221; button_two_bg_color__hover_enabled=&#8221;off&#8221;][\/et_pb_contact_field][et_pb_contact_field field_id=&#8221;Uvjeti&#8221; field_title=&#8221;Uvjeti privatnosti&#8221; field_type=&#8221;checkbox&#8221; checkbox_options=&#8221;%91{%22value%22:%22Prihva\u0107am uvjete privatnosti &#8211; %22,%22checked%22:0,%22dragID%22:-1,%22link_url%22:%22https:\/\/ain.animus.studio\/politika-privatnosti\/%22,%22link_text%22:%22uvjete mo\u017ee pro\u010ditati ovdje. %22}%93&#8243; fullwidth_field=&#8221;on&#8221; _builder_version=&#8221;4.19.4&#8243; _module_preset=&#8221;default&#8221; global_colors_info=&#8221;{}&#8221;][\/et_pb_contact_field][\/et_pb_contact_form][\/et_pb_column][et_pb_column type=&#8221;1_2&#8243; _builder_version=&#8221;4.18.0&#8243; _module_preset=&#8221;default&#8221; global_colors_info=&#8221;{}&#8221;][et_pb_code _builder_version=&#8221;4.19.4&#8243; _module_preset=&#8221;default&#8221; border_width_all=&#8221;2px&#8221; border_color_all=&#8221;#939598&#8243; global_colors_info=&#8221;{}&#8221;]<iframe src=\"https:\/\/www.google.com\/maps\/embed?pb=!1m18!1m12!1m3!1d1856.3412536731162!2d16.016677615552965!3d45.803863879910715!2m3!1f0!2f0!3f0!3m2!1i1024!2i768!4f13.1!3m3!1m2!1s0x4765d6747ee63fe9%3A0x257072a086810b5b!2sAGENCIJA%20ZA%20ISTRA%C5%BDIVANJE%20NESRE%C4%86A%20U%20ZRA%C4%8CNOM%2C%20POMORSKOM%20I%20%C5%BDELJEZNI%C4%8CKOM%20PROMETU!5e0!3m2!1shr!2shr!4v1660759827454!5m2!1shr!2shr\" width=\"100%\" height=\"600\" style=\"border:0;\" allowfullscreen=\"\" loading=\"lazy\" referrerpolicy=\"no-referrer-when-downgrade\"><\/iframe>[\/et_pb_code][\/et_pb_column][\/et_pb_row][et_pb_row column_structure=&#8221;1_4,1_4,1_4,1_4&#8243; _builder_version=&#8221;4.19.4&#8243; _module_preset=&#8221;default&#8221; background_color=&#8221;rgba(147,149,152,0.09)&#8221; width=&#8221;95%&#8221; custom_padding=&#8221;|35px||35px|false|false&#8221; global_colors_info=&#8221;{}&#8221;][et_pb_column type=&#8221;1_4&#8243; _builder_version=&#8221;4.18.0&#8243; _module_preset=&#8221;default&#8221; global_colors_info=&#8221;{}&#8221;][et_pb_text _builder_version=&#8221;4.19.4&#8243; _module_preset=&#8221;default&#8221; global_colors_info=&#8221;{}&#8221;]<\/p>\n<p><strong>URED RAVNATELJA<br \/>AGENCIJE<br \/><\/strong>T: +385 1 8886 830<br \/>E-mail: <a href=\"mailto:air.ured.ravnatelja@ain.hr\">ured.ravnatelja@ain.hr<\/a><br \/>Ravnateljica Agencije:<br \/>Alana Vuki\u0107<\/p>\n<p>[\/et_pb_text][\/et_pb_column][et_pb_column type=&#8221;1_4&#8243; _builder_version=&#8221;4.18.0&#8243; _module_preset=&#8221;default&#8221; global_colors_info=&#8221;{}&#8221;][et_pb_text _builder_version=&#8221;4.19.4&#8243; _module_preset=&#8221;default&#8221; global_colors_info=&#8221;{}&#8221;]<\/p>\n<p><strong>ODJEL ZA ISTRAGE NESRE\u0106A U ZRA\u010cNOM PROMETU<\/strong><br \/>M: +385 99 807 1301<br \/>E-mail: <span><a href=\"mailto:air.safety@ain.hr\">air.safety@ain.hr<\/a><\/span><br \/>Glavni istra\u017eitelj zrakoplovnih nesre\u0107a: Danko Petrin<\/p>\n<p>[\/et_pb_text][\/et_pb_column][et_pb_column type=&#8221;1_4&#8243; _builder_version=&#8221;4.18.0&#8243; _module_preset=&#8221;default&#8221; global_colors_info=&#8221;{}&#8221;][et_pb_text _builder_version=&#8221;4.20.1&#8243; _module_preset=&#8221;default&#8221; global_colors_info=&#8221;{}&#8221;]<\/p>\n<p><strong>ODJEL ZA ISTRAGE NESRE\u0106A U POMORSKOM PROMETU<\/strong><br \/>M: +385 99 807 1302<br \/>E-mail: <span><a href=\"mailto:maritime.safety@ain.hr\">maritime.safety@ain.hr<\/a><\/span><br \/>Glavni istra\u017eitelj pomorskih nesre\u0107a: Zdravko Seidel<\/p>\n<p>[\/et_pb_text][\/et_pb_column][et_pb_column type=&#8221;1_4&#8243; _builder_version=&#8221;4.18.0&#8243; _module_preset=&#8221;default&#8221; global_colors_info=&#8221;{}&#8221;][et_pb_text _builder_version=&#8221;4.27.4&#8243; _module_preset=&#8221;default&#8221; hover_enabled=&#8221;0&#8243; global_colors_info=&#8221;{}&#8221; sticky_enabled=&#8221;0&#8243;]<\/p>\n<p><strong>ODJEL ZA ISTRAGE NESRE\u0106A U \u017dELJEZNI\u010cKOM PROMETU<\/strong><br \/>M: +385 91 608 3833<br \/>E-mail: <span><a href=\"mailto:rail.safety@ain.hr\">rail.safety@ain.hr<\/a><\/span><br \/>Glavni istra\u017eitelj \u017eeljezni\u010dkih nesre\u0107a: Ivica Majdan\u0111i\u0107, vr\u0161itelj du\u017enosti glavnog istra\u017eitelja<\/p>\n<p>[\/et_pb_text][\/et_pb_column][\/et_pb_row][\/et_pb_section]<\/p>\n","protected":false},"excerpt":{"rendered":"<p>AGENCIJA ZA ISTRA\u017dIVANJE NESRE\u0106A U ZRA\u010cNOM, POMORSKOM I \u017dELJEZNI\u010cKOM PROMETU Radni\u010dka cesta 177, 10000 ZagrebT: +385 1 8886 830F: +385 1 8886 831Web stranica: www.ain.hrE-mail: info@ain.hr &nbsp; KONTAKT ZA MEDIJE E-mail: press@ain.hr URED RAVNATELJAAGENCIJET: +385 1 8886 830E-mail: ured.ravnatelja@ain.hrRavnateljica Agencije:Alana Vuki\u0107ODJEL ZA ISTRAGE NESRE\u0106A U ZRA\u010cNOM PROMETUM: +385 99 807 1301E-mail: air.safety@ain.hrGlavni istra\u017eitelj zrakoplovnih nesre\u0107a: [&hellip;]<\/p>\n","protected":false},"author":1,"featured_media":0,"parent":0,"menu_order":0,"comment_status":"closed","ping_status":"closed","template":"","meta":{"_et_pb_use_builder":"on","_et_pb_old_content":"","_et_gb_content_width":"","footnotes":""},"class_list":["post-43","page","type-page","status-publish","hentry"],"_links":{"self":[{"href":"https:\/\/2025.ain.hr\/en\/wp-json\/wp\/v2\/pages\/43","targetHints":{"allow":["GET"]}}],"collection":[{"href":"https:\/\/2025.ain.hr\/en\/wp-json\/wp\/v2\/pages"}],"about":[{"href":"https:\/\/2025.ain.hr\/en\/wp-json\/wp\/v2\/types\/page"}],"author":[{"embeddable":true,"href":"https:\/\/2025.ain.hr\/en\/wp-json\/wp\/v2\/users\/1"}],"replies":[{"embeddable":true,"href":"https:\/\/2025.ain.hr\/en\/wp-json\/wp\/v2\/comments?post=43"}],"version-history":[{"count":4,"href":"https:\/\/2025.ain.hr\/en\/wp-json\/wp\/v2\/pages\/43\/revisions"}],"predecessor-version":[{"id":6653,"href":"https:\/\/2025.ain.hr\/en\/wp-json\/wp\/v2\/pages\/43\/revisions\/6653"}],"wp:attachment":[{"href":"https:\/\/2025.ain.hr\/en\/wp-json\/wp\/v2\/media?parent=43"}],"curies":[{"name":"wp","href":"https:\/\/api.w.org\/{rel}","templated":true}]}}