{"id":3073,"date":"2022-12-29T14:53:26","date_gmt":"2022-12-29T14:53:26","guid":{"rendered":"https:\/\/2025.ain.hr\/?page_id=3073"},"modified":"2023-02-02T11:41:06","modified_gmt":"2023-02-02T11:41:06","slug":"izvjescivanje-o-sigurnosti","status":"publish","type":"page","link":"https:\/\/2025.ain.hr\/en\/izvjescivanje-o-sigurnosti\/","title":{"rendered":"Izvje\u0161\u0107ivanje o sigurnosti"},"content":{"rendered":"<p>[et_pb_section fb_built=&#8221;1&#8243; custom_padding_last_edited=&#8221;on|desktop&#8221; _builder_version=&#8221;4.19.4&#8243; _module_preset=&#8221;default&#8221; custom_padding=&#8221;100px||0px||false|false&#8221; custom_padding_tablet=&#8221;100px||||false|false&#8221; custom_padding_phone=&#8221;75px||0px||false|false&#8221; top_divider_style=&#8221;ramp2&#8243; top_divider_color=&#8221;#0C71C3&#8243; top_divider_flip=&#8221;vertical&#8221; top_divider_height_tablet=&#8221;&#8221; top_divider_height_phone=&#8221;60px&#8221; top_divider_height_last_edited=&#8221;on|phone&#8221; global_colors_info=&#8221;{}&#8221;][et_pb_row column_structure=&#8221;2_3,1_3&#8243; _builder_version=&#8221;4.19.4&#8243; _module_preset=&#8221;default&#8221; width=&#8221;95%&#8221; custom_padding=&#8221;0px||||false|false&#8221; hover_enabled=&#8221;0&#8243; global_colors_info=&#8221;{}&#8221; sticky_enabled=&#8221;0&#8243;][et_pb_column type=&#8221;2_3&#8243; _builder_version=&#8221;4.19.4&#8243; _module_preset=&#8221;default&#8221; global_colors_info=&#8221;{}&#8221;][et_pb_text ul_item_indent=&#8221;35px&#8221; ol_type=&#8221;lower-latin&#8221; ol_item_indent=&#8221;35px&#8221; _builder_version=&#8221;4.19.4&#8243; _module_preset=&#8221;default&#8221; hover_enabled=&#8221;0&#8243; global_colors_info=&#8221;{}&#8221; sticky_enabled=&#8221;0&#8243;]<\/p>\n<h3>Izvje\u0161\u0107ivanje o sigurnosti<\/h3>\n<blockquote>\n<p>Agencija za istra\u017eivanje nesre\u0107a u zra\u010dnom, pomorskom i \u017eeljezni\u010dkom prometu koristi mehanizme pra\u0107enja doga\u0111aja povezanih sa sigurno\u0161\u0107u kroz sustav obaveznog izvje\u0161\u0107ivanja (Mandatory Occurrence Reporting) i sustav dobrovoljnog izvje\u0161\u0107ivanja (Voluntary Reporting) kako bi se pobolj\u0161ala sigurnost zrakoplovstva u Europskoj uniji (EU) i svijetu osiguravanjem izvje\u0161\u0107ivanja, prikupljanja, pohranjivanja, \u010duvanja, razmjenjivanja, \u0161irenja i analiziranja informacija povezanih sa sigurno\u0161\u0107u u civilnom zrakoplovstvu.<\/p>\n<\/blockquote>\n<p><strong>Izvje\u0161\u0107ivanje o doga\u0111ajima povezanim sa sigurno\u0161\u0107u propisano je:<\/strong><\/p>\n<ul>\n<li>Uredbom (EU) br. 376\/2014 Europskog Parlamenta i Vije\u0107a od 3. travnja 2014. o izvje\u0161\u0107ivanju, analizi i naknadnom postupanju u vezi s doga\u0111ajima u civilnom zrakoplovstvu, o izmjeni Uredbe (EU) br. 996\/2010 Europskog parlamenta i Vije\u0107a i stavljaju izvan snage Direktive 2003\/42\/EZ Europskog parlamenta i Vije\u0107a i uredbi Komisije (EZ) br. 1321\/2007 i (EZ) br. 1330\/2007;<\/li>\n<li>Provedbenom Uredbom Komisije (EU) 2015\/1018 \u043ed 29. lipnja 2015. o utvr\u0111ivanju popisa u kojem se klasificiraju doga\u0111aji u civilnom zrakoplovstvu koje treba obvezno prijaviti u skladu s Uredbom (EU) br. 376\/2014 Europskog parlamenta i Vije\u0107a; i<\/li>\n<li>Pravilnikom o provedbi Uredbe (EU) br. 376\/2014 Europskog Parlamenta i Vije\u0107a o izvje\u0161\u0107ivanju, analizi i naknadnom postupanju u vezi s doga\u0111ajima u civilnom zrakoplovstvu (NN 107\/2015, 92\/16 i 28\/2019). Ovim Pravilnikom se propisuju nadle\u017ena tijela za provedbu Uredbe u Republici Hrvatskoj. U dodatku Pravilnika su primjenjivi obrasci za prijavljivanje doga\u0111aja i ICAO shema klasifikacije rizika.<\/li>\n<\/ul>\n<p><strong>\u00a0O doga\u0111ajima povezanim sa sigurno\u0161\u0107u iz \u010dlanaka 4. i 5. Uredbe (EU) 376\/2014 izvje\u0161\u0107uje se:<\/strong><\/p>\n<ul>\n<li>putem sustava izvje\u0161\u0107ivanja koji je uspostavila organizacija, a koji je u skladu sa uvjetima propisanima u \u010dlanku 7. Uredbe (EU) 376\/2014 ili ako organizacija koristi odre\u0111eni softver za izvje\u0161\u0107ivanje o doga\u0111ajima kao dio svog sustava upravljanja sigurno\u0161\u0107u taj sustav mora omogu\u0107iti izravan prijenos podataka u ECCAIRS softver (izvje\u0161\u0107a moraju biti kompatibilna s ECCAIRS-om i taksonomijom ADREP-a, mora se koristiti standardni format, sva obvezna polja propisana Uredbom (EU) br. 376\/2014 moraju biti dostupna)<\/li>\n<\/ul>\n<ul>\n<li>putem EU portala za izvje\u0161\u0107ivanje &#8211; <a href=\"https:\/\/aviationreporting.eu\/\" title=\"ECCAIRS 2 \u2013 Sustav za prijavu i upravljanje doga\u0111ajima povezanim sa sigurno\u0161\u0107u u zra\u010dnom prometu\"><strong>ECCAIRS 2 \u2013 Sustav za prijavu i upravljanje doga\u0111ajima povezanim sa sigurno\u0161\u0107u u zra\u010dnom prometu<\/strong><\/a><\/li>\n<\/ul>\n<ul>\n<li>u iznimnim situacijama, kada niti jedan od prethodnih na\u010dina izvje\u0161\u0107ivanja nije mogu\u0107e ostvariti, pisanim putem na propisanom obrascu na e-mail adrese Agencije za istra\u017eivanje (<a href=\"mailto:air.safety@ain.hr\">air.safety@ain.hr<\/a>) i Hrvatske agencije za civilno zrakoplovstvo (<a href=\"mailto:safety@ccaa.hr\">safety@ccaa.hr<\/a>)<\/li>\n<ol>\n<li><strong>Izvje\u0161\u0107e o nesre\u0107i ili ozbiljnoj nezgodi zrakoplova \/ Accident or Serious Incident Report<\/strong><\/li>\n<li><strong>Izvje\u0161\u0107e o sudaru s pticama \/ Bird strike report<\/strong><\/li>\n<li><strong>Izvje\u0161\u0107e o doga\u0111aju s opasnom robom \/ Dangerous goods occurrence report<\/strong><\/li>\n<li><strong>Obvezno izvje\u0161\u0107e o doga\u0111aju povezanim sa sigurno\u0161\u0107u \/ Mandatory Occurrence Report<\/strong><\/li>\n<li><strong>Dobrovoljno izvje\u0161\u0107e o doga\u0111aju povezanim sa sigurno\u0161\u0107u \/ Voluntary Occurrence Report<\/strong><\/li>\n<\/ol>\n<\/ul>\n<p>[\/et_pb_text][\/et_pb_column][et_pb_column type=&#8221;1_3&#8243; _builder_version=&#8221;4.19.4&#8243; _module_preset=&#8221;default&#8221; global_colors_info=&#8221;{}&#8221;][et_pb_text _builder_version=&#8221;4.19.4&#8243; _module_preset=&#8221;default&#8221; custom_margin=&#8221;||20px||false|false&#8221; border_width_bottom=&#8221;1px&#8221; border_color_bottom=&#8221;#bababa&#8221; global_colors_info=&#8221;{}&#8221;]<\/p>\n<h3 style=\"text-align: center;\">Linkovi i PDF dokumenti<\/h3>\n<p>[\/et_pb_text][et_pb_button button_url=&#8221;https:\/\/aviationreporting.eu\/&#8221; url_new_window=&#8221;on&#8221; button_text=&#8221;ECCAIRS 2 \u2013 Sustav za prijavu i upravljanje doga\u0111ajima povezanim sa sigurno\u0161\u0107u u zra\u010dnom prometu&#8221; button_alignment=&#8221;center&#8221; _builder_version=&#8221;4.19.4&#8243; _module_preset=&#8221;default&#8221; custom_button=&#8221;on&#8221; button_text_size=&#8221;15px&#8221; button_text_color=&#8221;#FFFFFF&#8221; button_bg_color=&#8221;#247DBC&#8221; button_border_width=&#8221;0px&#8221; button_border_radius=&#8221;0px&#8221; button_font=&#8221;|300|||||||&#8221; button_icon=&#8221;&#xf35d;||fa||900&#8243; button_on_hover=&#8221;off&#8221; custom_margin=&#8221;||10px||false|false&#8221; custom_padding=&#8221;15px||15px||false|false&#8221; custom_css_main_element=&#8221;width:100%;&#8221; locked=&#8221;off&#8221; global_colors_info=&#8221;{}&#8221;][\/et_pb_button][et_pb_button button_url=&#8221;https:\/\/2025.ain.hr\/wp-content\/uploads\/2023\/01\/Accident_or_Serious_Incident_Report.pdf&#8221; url_new_window=&#8221;on&#8221; button_text=&#8221;Izvje\u0161\u0107e o nesre\u0107i ili ozbiljnoj nezgodi zrakoplova \/ Accident or Serious Incident Report&#8221; button_alignment=&#8221;center&#8221; _builder_version=&#8221;4.19.4&#8243; _module_preset=&#8221;default&#8221; custom_button=&#8221;on&#8221; button_text_size=&#8221;15px&#8221; button_text_color=&#8221;#FFFFFF&#8221; button_bg_color=&#8221;#247DBC&#8221; button_border_width=&#8221;0px&#8221; button_border_radius=&#8221;0px&#8221; button_font=&#8221;|300|||||||&#8221; button_icon=&#8221;&#xe092;||divi||400&#8243; button_on_hover=&#8221;off&#8221; custom_margin=&#8221;||10px||false|false&#8221; custom_padding=&#8221;15px||15px||false|false&#8221; custom_css_main_element=&#8221;width:100%;||&#8221; locked=&#8221;off&#8221; global_colors_info=&#8221;{}&#8221;][\/et_pb_button][et_pb_button button_url=&#8221;https:\/\/2025.ain.hr\/wp-content\/uploads\/2023\/01\/Birdstrike_Report.pdf&#8221; url_new_window=&#8221;on&#8221; button_text=&#8221;Izvje\u0161\u0107e o sudaru s pticama \/ Bird strike report&#8221; button_alignment=&#8221;center&#8221; _builder_version=&#8221;4.19.4&#8243; _module_preset=&#8221;default&#8221; custom_button=&#8221;on&#8221; button_text_size=&#8221;15px&#8221; button_text_color=&#8221;#FFFFFF&#8221; button_bg_color=&#8221;#247DBC&#8221; button_border_width=&#8221;0px&#8221; button_border_radius=&#8221;0px&#8221; button_font=&#8221;|300|||||||&#8221; button_icon=&#8221;&#xe092;||divi||400&#8243; button_on_hover=&#8221;off&#8221; custom_margin=&#8221;||10px||false|false&#8221; custom_padding=&#8221;15px||15px||false|false&#8221; custom_css_main_element=&#8221;width:100%;&#8221; locked=&#8221;off&#8221; global_colors_info=&#8221;{}&#8221;][\/et_pb_button][et_pb_button button_url=&#8221;https:\/\/2025.ain.hr\/wp-content\/uploads\/2023\/01\/Dangerous_goods_Report.pdf&#8221; url_new_window=&#8221;on&#8221; button_text=&#8221;Izvje\u0161\u0107e o doga\u0111aju s opasnom robom \/ Dangerous goods occurrence report&#8221; button_alignment=&#8221;center&#8221; _builder_version=&#8221;4.19.4&#8243; _module_preset=&#8221;default&#8221; custom_button=&#8221;on&#8221; button_text_size=&#8221;15px&#8221; button_text_color=&#8221;#FFFFFF&#8221; button_bg_color=&#8221;#247DBC&#8221; button_border_width=&#8221;0px&#8221; button_border_radius=&#8221;0px&#8221; button_font=&#8221;|300|||||||&#8221; button_icon=&#8221;&#xe092;||divi||400&#8243; button_on_hover=&#8221;off&#8221; custom_margin=&#8221;||10px||false|false&#8221; custom_padding=&#8221;15px||15px||false|false&#8221; custom_css_main_element=&#8221;width:100%;||&#8221; locked=&#8221;off&#8221; global_colors_info=&#8221;{}&#8221;][\/et_pb_button][et_pb_button button_url=&#8221;https:\/\/2025.ain.hr\/wp-content\/uploads\/2023\/01\/Mandatory_Occurrence_Report.pdf&#8221; url_new_window=&#8221;on&#8221; button_text=&#8221;Obvezno izvje\u0161\u0107e o doga\u0111aju povezanim sa sigurno\u0161\u0107u \/ Mandatory Occurrence Report&#8221; button_alignment=&#8221;center&#8221; _builder_version=&#8221;4.19.4&#8243; _module_preset=&#8221;default&#8221; custom_button=&#8221;on&#8221; button_text_size=&#8221;15px&#8221; button_text_color=&#8221;#FFFFFF&#8221; button_bg_color=&#8221;#247DBC&#8221; button_border_width=&#8221;0px&#8221; button_border_radius=&#8221;0px&#8221; button_font=&#8221;|300|||||||&#8221; button_icon=&#8221;&#xe092;||divi||400&#8243; button_on_hover=&#8221;off&#8221; custom_margin=&#8221;||10px||false|false&#8221; custom_padding=&#8221;15px||15px||false|false&#8221; custom_css_main_element=&#8221;width:100%;||&#8221; locked=&#8221;off&#8221; global_colors_info=&#8221;{}&#8221;][\/et_pb_button][et_pb_button button_url=&#8221;https:\/\/2025.ain.hr\/wp-content\/uploads\/2023\/01\/Voluntary_Occurrence_Report.pdf&#8221; url_new_window=&#8221;on&#8221; button_text=&#8221;Dobrovoljno izvje\u0161\u0107e o doga\u0111aju povezanim sa sigurno\u0161\u0107u \/ Voluntary Occurrence Report&#8221; button_alignment=&#8221;center&#8221; _builder_version=&#8221;4.19.4&#8243; _module_preset=&#8221;default&#8221; custom_button=&#8221;on&#8221; button_text_size=&#8221;15px&#8221; button_text_color=&#8221;#FFFFFF&#8221; button_bg_color=&#8221;#247DBC&#8221; button_border_width=&#8221;0px&#8221; button_border_radius=&#8221;0px&#8221; button_font=&#8221;|300|||||||&#8221; button_icon=&#8221;&#xe092;||divi||400&#8243; button_on_hover=&#8221;off&#8221; custom_margin=&#8221;||10px||false|false&#8221; custom_padding=&#8221;15px||15px||false|false&#8221; custom_css_main_element=&#8221;width:100%;&#8221; locked=&#8221;off&#8221; global_colors_info=&#8221;{}&#8221;][\/et_pb_button][\/et_pb_column][\/et_pb_row][\/et_pb_section]<\/p>\n","protected":false},"excerpt":{"rendered":"<p>Izvje\u0161\u0107ivanje o sigurnosti Agencija za istra\u017eivanje nesre\u0107a u zra\u010dnom, pomorskom i \u017eeljezni\u010dkom prometu koristi mehanizme pra\u0107enja doga\u0111aja povezanih sa sigurno\u0161\u0107u kroz sustav obaveznog izvje\u0161\u0107ivanja (Mandatory Occurrence Reporting) i sustav dobrovoljnog izvje\u0161\u0107ivanja (Voluntary Reporting) kako bi se pobolj\u0161ala sigurnost zrakoplovstva u Europskoj uniji (EU) i svijetu osiguravanjem izvje\u0161\u0107ivanja, prikupljanja, pohranjivanja, \u010duvanja, razmjenjivanja, \u0161irenja i analiziranja informacija [&hellip;]<\/p>\n","protected":false},"author":1,"featured_media":0,"parent":0,"menu_order":0,"comment_status":"closed","ping_status":"closed","template":"","meta":{"_et_pb_use_builder":"on","_et_pb_old_content":"","_et_gb_content_width":"","footnotes":""},"class_list":["post-3073","page","type-page","status-publish","hentry"],"_links":{"self":[{"href":"https:\/\/2025.ain.hr\/en\/wp-json\/wp\/v2\/pages\/3073","targetHints":{"allow":["GET"]}}],"collection":[{"href":"https:\/\/2025.ain.hr\/en\/wp-json\/wp\/v2\/pages"}],"about":[{"href":"https:\/\/2025.ain.hr\/en\/wp-json\/wp\/v2\/types\/page"}],"author":[{"embeddable":true,"href":"https:\/\/2025.ain.hr\/en\/wp-json\/wp\/v2\/users\/1"}],"replies":[{"embeddable":true,"href":"https:\/\/2025.ain.hr\/en\/wp-json\/wp\/v2\/comments?post=3073"}],"version-history":[{"count":3,"href":"https:\/\/2025.ain.hr\/en\/wp-json\/wp\/v2\/pages\/3073\/revisions"}],"predecessor-version":[{"id":3914,"href":"https:\/\/2025.ain.hr\/en\/wp-json\/wp\/v2\/pages\/3073\/revisions\/3914"}],"wp:attachment":[{"href":"https:\/\/2025.ain.hr\/en\/wp-json\/wp\/v2\/media?parent=3073"}],"curies":[{"name":"wp","href":"https:\/\/api.w.org\/{rel}","templated":true}]}}