{"id":3,"date":"2022-08-17T11:47:42","date_gmt":"2022-08-17T11:47:42","guid":{"rendered":"https:\/\/2025.ain.hr\/?page_id=3"},"modified":"2025-04-03T06:43:30","modified_gmt":"2025-04-03T06:43:30","slug":"politika-privatnosti","status":"publish","type":"page","link":"https:\/\/2025.ain.hr\/en\/politika-privatnosti\/","title":{"rendered":"Politika privatnosti"},"content":{"rendered":"<p>[et_pb_section fb_built=&#8221;1&#8243; _builder_version=&#8221;4.19.4&#8243; _module_preset=&#8221;default&#8221; custom_padding=&#8221;100px||||false|false&#8221; top_divider_style=&#8221;ramp2&#8243; top_divider_color=&#8221;#0C71C3&#8243; top_divider_flip=&#8221;vertical&#8221; global_colors_info=&#8221;{}&#8221;][et_pb_row column_structure=&#8221;3_4,1_4&#8243; _builder_version=&#8221;4.19.4&#8243; _module_preset=&#8221;default&#8221; width=&#8221;95%&#8221; custom_padding=&#8221;0px||0px||false|false&#8221; global_colors_info=&#8221;{}&#8221;][et_pb_column type=&#8221;3_4&#8243; _builder_version=&#8221;4.19.4&#8243; _module_preset=&#8221;default&#8221; global_colors_info=&#8221;{}&#8221;][et_pb_text ul_item_indent=&#8221;35px&#8221; _builder_version=&#8221;4.19.4&#8243; _module_preset=&#8221;default&#8221; ul_line_height=&#8221;2.3em&#8221; header_2_text_align=&#8221;left&#8221; header_3_text_align=&#8221;left&#8221; text_orientation=&#8221;justified&#8221; text_font_size_tablet=&#8221;15px&#8221; text_font_size_phone=&#8221;14px&#8221; text_font_size_last_edited=&#8221;on|phone&#8221; global_colors_info=&#8221;{}&#8221;]<\/p>\n<h2>Za\u0161tita osobnih podataka<\/h2>\n<p>Za\u0161tita osobnih podatka pojedinca ure\u0111ena je Op\u0107om uredbom o za\u0161titi podataka (EU, 2016\/679) i Zakonom o provedbi Op\u0107e uredbe o za\u0161titi podataka (NN, 42\/2018)<\/p>\n<h3>Tko je voditelj obrade?<\/h3>\n<p>Agencija za istra\u017eivanje nesre\u0107a u zra\u010dnom, pomorskom i \u017eeljezni\u010dkom prometu je Voditelj obrade kao \u0161to je to odre\u0111eno primjenjivom regulativom o za\u0161titi osobnih podataka.<\/p>\n<p>[\/et_pb_text][et_pb_text ul_item_indent=&#8221;35px&#8221; _builder_version=&#8221;4.19.4&#8243; _module_preset=&#8221;default&#8221; ul_line_height=&#8221;2.3em&#8221; header_2_text_align=&#8221;left&#8221; header_3_text_align=&#8221;left&#8221; text_orientation=&#8221;justified&#8221; text_font_size_tablet=&#8221;15px&#8221; text_font_size_phone=&#8221;14px&#8221; text_font_size_last_edited=&#8221;on|phone&#8221; global_colors_info=&#8221;{}&#8221;]<\/p>\n<h3>SLU\u017dBENIK ZA ZA\u0160TITU OSOBNIH PODATAKA<\/h3>\n<blockquote>\n<h4>Morana Ivakovi\u0107<\/h4>\n<p>Tel: +385 1 8886 830<br \/>E-mail: dpo@ain.hr<\/p>\n<\/blockquote>\n<p>[\/et_pb_text][et_pb_button button_url=&#8221;https:\/\/2025.ain.hr\/wp-content\/uploads\/2022\/12\/Obrazac-Zahtjev_za_vlastitim_osobnim_podacima.docx&#8221; url_new_window=&#8221;on&#8221; button_text=&#8221;OBRAZAC &#8211; Zahtjev za vlastitim osobnim podacima&#8221; button_alignment=&#8221;center&#8221; _builder_version=&#8221;4.19.4&#8243; _module_preset=&#8221;default&#8221; custom_button=&#8221;on&#8221; button_text_size=&#8221;16px&#8221; button_text_color=&#8221;#FFFFFF&#8221; button_bg_color=&#8221;#247DBC&#8221; button_border_width=&#8221;0px&#8221; button_border_radius=&#8221;0px&#8221; button_icon=&#8221;&#xe092;||divi||400&#8243; button_on_hover=&#8221;off&#8221; custom_margin=&#8221;||10px||false|false&#8221; custom_css_main_element=&#8221;width:100%;&#8221; global_colors_info=&#8221;{}&#8221;][\/et_pb_button][et_pb_button button_url=&#8221;https:\/\/2025.ain.hr\/wp-content\/uploads\/2022\/12\/Obrazac-Ostvarenje_prava_u_vezi_sa_zastitom_osobnih_podataka.doc&#8221; url_new_window=&#8221;on&#8221; button_text=&#8221;OBRAZAC &#8211; Zahtjev ispitanika u vezi osobnih podataka&#8221; button_alignment=&#8221;center&#8221; _builder_version=&#8221;4.19.4&#8243; _module_preset=&#8221;default&#8221; custom_button=&#8221;on&#8221; button_text_size=&#8221;16px&#8221; button_text_color=&#8221;#FFFFFF&#8221; button_bg_color=&#8221;#247DBC&#8221; button_border_width=&#8221;0px&#8221; button_border_radius=&#8221;0px&#8221; button_icon=&#8221;&#xe092;||divi||400&#8243; button_on_hover=&#8221;off&#8221; custom_css_main_element=&#8221;width:100%;&#8221; global_colors_info=&#8221;{}&#8221;][\/et_pb_button][et_pb_text ul_item_indent=&#8221;35px&#8221; _builder_version=&#8221;4.27.4&#8243; _module_preset=&#8221;default&#8221; header_2_text_align=&#8221;left&#8221; header_3_text_align=&#8221;left&#8221; text_orientation=&#8221;justified&#8221; text_font_size_tablet=&#8221;15px&#8221; text_font_size_phone=&#8221;14px&#8221; text_font_size_last_edited=&#8221;on|phone&#8221; global_colors_info=&#8221;{}&#8221;]<\/p>\n<p><strong>Svoja prava korisnik mo\u017ee ostvariti podno\u0161enjem odgovaraju\u0107eg zahtjeva:<\/strong><\/p>\n<ul>\n<li>osobno u pisarnici Agencije za istra\u017eivanje nesre\u0107a u zra\u010dnom, pomorskom i \u017eeljezni\u010dkom prometu,<br \/>radnim danom od 08.00 do 16.00<\/li>\n<li>na adresu:<br \/>Agencije za istra\u017eivanje nesre\u0107a u zra\u010dnom, pomorskom i \u017eeljezni\u010dkom prometu,<br \/>Radni\u010dka cesta 177, 10 000 Zagreb<br \/>elektroni\u010dkom po\u0161tom na: dpo@ain.hr<\/li>\n<\/ul>\n<p>&nbsp;<\/p>\n<h3>Prikupljanje osobnih podataka<\/h3>\n<ul>\n<li>Va\u0161e osobne podatke obra\u0111ivat \u0107emo samo na temelju zakonske obveze, Va\u0161e privole ili druge legitimne osnove<\/li>\n<li>Osobni podaci koje prikupljamo su primjereni, bitni i ograni\u010deni na svrhu obrade. Voditelj obrade i izvr\u0161itelj obrade ne\u0107e prikupljati osobne podatke koji mu nisu potrebni za svrhu obrade.<\/li>\n<li>Za svrhu obrade koja se ne provodi temeljem zakonske osnove ili ugovora tra\u017eit \u0107emo od Vas posebnu privolu.<\/li>\n<\/ul>\n<p>&nbsp;<\/p>\n<h3>Tko \u0107e imati pristup va\u0161im osobnim podacima?<\/h3>\n<p>Osigurat \u0107emo obra\u0111ivanje va\u0161ih osobnih podataka na na\u010din koji je sukladan svrsi obrade.<\/p>\n<p>Ako je to radi ispunjenja navedene svrhe nu\u017eno, pristup va\u0161im podacima mogu imati:<\/p>\n<ul>\n<li>dr\u017eavna tijela sukladno zakonskim obvezama.<\/li>\n<li>ako je to radi ispunjenja navedene svrhe nu\u017eno, va\u0161i osobni podaci mogu biti otkriveni sljede\u0107im osobama koje obra\u0111uju osobne podatke u na\u0161e ime ( \u201cIzvr\u0161itelji obrade\u201d)<\/li>\n<li>odvjetnici i vanjski pru\u017eatelji usluga, a koji podatke obra\u0111uju samo po na\u0161im izri\u010ditim uputama<\/li>\n<\/ul>\n<p>Osobne podatke mo\u017eemo prenositi i u sljede\u0107im slu\u010dajevima:<\/p>\n<ul>\n<li>radi ispunjavanja zakonskih obveza, uklju\u010duju\u0107i nadle\u017ena tijela uklju\u010dena u rje\u0161avanje va\u0161e pritu\u017ebe<\/li>\n<\/ul>\n<p>&nbsp;<\/p>\n<h3>Koja su va\u0161a prava u svezi osobnih podataka?<\/h3>\n<ul>\n<li>pristup svojim osobnim podacima i dobivanje informacije o izvoru osobnih podataka, svrsi obrade i trajanju obrade, o voditelju obrade, izvr\u0161iteljima obrade i primateljima kojima osobni podaci mogu biti otkriveni<\/li>\n<li>povla\u010denje dane privole u bilo kojem trenutku ako se va\u0161i podaci obra\u0111uju temeljem dane privole<\/li>\n<li>ispravak ili a\u017euriranje va\u0161ih podataka, kako bi uvijek bili to\u010dni<\/li>\n<li>brisanje va\u0161ih osobnih podataka ukoliko vi\u0161e nisu potrebni u svrhu radi koje su obra\u0111ivani<\/li>\n<li>ograni\u010denje obrade va\u0161ih osobnih podataka u odre\u0111enim slu\u010dajevima, primjerice kada ste osporili to\u010dnost svojih osobnih podataka, u razdoblju koje nam potrebno za provjeru to\u010dnosti podataka<\/li>\n<li>prenosivost svojih osobnih podataka u elektroni\u010dkom obliku, odnosno zaprimiti osobne podatke i\/ili ih izravno prenijeti drugom voditelju obrade<\/li>\n<li>ulaganje prigovora nama i\/ili nadle\u017enom nadzornom tijelu (Agencija za za\u0161titu osobnih podataka: azop@azop.hr)<\/li>\n<\/ul>\n<h3><\/h3>\n<h3>Kako se mogu usprotiviti obradi mojih osobnih podataka?<\/h3>\n<p>Kada je to dozvoljeno primjenjivom regulativom, imate se pravo usprotiviti obradi osobnih podataka, ili zatra\u017eiti da prestanemo obra\u0111ivati va\u0161e osobne podatke. Nakon \u0161to nas obavijestite o ovom zahtjevu, ne\u0107emo vi\u0161e obra\u0111ivati va\u0161e podatke, osim ako je obrada dopu\u0161tena primjenjivom regulativom.<\/p>\n<h3><\/h3>\n<h3>Koliko dugo \u010duvamo va\u0161e osobne podatke?<\/h3>\n<p>Va\u0161e osobne podatke \u010duvamo sukladno rokovima odre\u0111enima posebnim zakonskim odredbama koji reguliraju rokove \u010duvanja i arhiviranja za svako pojedino poslovno podru\u010dje. Va\u0161e osobne podatke ne\u0107emo \u010duvati dulje nego \u0161to je to odre\u0111eno zakonskim propisima i \u010duvat \u0107emo ih radi svrhe radi koje su prikupljeni.<\/p>\n<p>[\/et_pb_text][\/et_pb_column][et_pb_column type=&#8221;1_4&#8243; _builder_version=&#8221;4.19.4&#8243; _module_preset=&#8221;default&#8221; global_colors_info=&#8221;{}&#8221;][et_pb_sidebar orientation=&#8221;right&#8221; area=&#8221;et_pb_widget_area_5&#8243; show_border=&#8221;off&#8221; module_class=&#8221;gdprSidebarStyle&#8221; _builder_version=&#8221;4.19.4&#8243; _module_preset=&#8221;default&#8221; custom_padding=&#8221;||||false|false&#8221; sticky_position=&#8221;top&#8221; sticky_offset_top=&#8221;50px&#8221; sticky_limit_bottom=&#8221;row&#8221; sticky_position_tablet=&#8221;none&#8221; sticky_position_phone=&#8221;none&#8221; sticky_position_last_edited=&#8221;on|desktop&#8221; global_colors_info=&#8221;{}&#8221;][\/et_pb_sidebar][\/et_pb_column][\/et_pb_row][\/et_pb_section]<\/p>\n","protected":false},"excerpt":{"rendered":"<p>Za\u0161tita osobnih podataka Za\u0161tita osobnih podatka pojedinca ure\u0111ena je Op\u0107om uredbom o za\u0161titi podataka (EU, 2016\/679) i Zakonom o provedbi Op\u0107e uredbe o za\u0161titi podataka (NN, 42\/2018) Tko je voditelj obrade? Agencija za istra\u017eivanje nesre\u0107a u zra\u010dnom, pomorskom i \u017eeljezni\u010dkom prometu je Voditelj obrade kao \u0161to je to odre\u0111eno primjenjivom regulativom o za\u0161titi osobnih podataka.SLU\u017dBENIK [&hellip;]<\/p>\n","protected":false},"author":1,"featured_media":0,"parent":0,"menu_order":0,"comment_status":"closed","ping_status":"open","template":"","meta":{"_et_pb_use_builder":"on","_et_pb_old_content":"<!-- wp:heading -->\r\n<h2>Who we are<\/h2>\r\n<!-- \/wp:heading --><!-- wp:paragraph -->\r\n<p><strong class=\"privacy-policy-tutorial\">Suggested text: <\/strong>Our website address is: https:\/\/ain.animus.studio.<\/p>\r\n<!-- \/wp:paragraph --><!-- wp:heading -->\r\n<h2>Comments<\/h2>\r\n<!-- \/wp:heading --><!-- wp:paragraph -->\r\n<p><strong class=\"privacy-policy-tutorial\">Suggested text: <\/strong>When visitors leave comments on the site we collect the data shown in the comments form, and also the visitor\u2019s IP address and browser user agent string to help spam detection.<\/p>\r\n<!-- \/wp:paragraph --><!-- wp:paragraph -->\r\n<p>An anonymized string created from your email address (also called a hash) may be provided to the Gravatar service to see if you are using it. The Gravatar service privacy policy is available here: https:\/\/automattic.com\/privacy\/. After approval of your comment, your profile picture is visible to the public in the context of your comment.<\/p>\r\n<!-- \/wp:paragraph --><!-- wp:heading -->\r\n<h2>Media<\/h2>\r\n<!-- \/wp:heading --><!-- wp:paragraph -->\r\n<p><strong class=\"privacy-policy-tutorial\">Suggested text: <\/strong>If you upload images to the website, you should avoid uploading images with embedded location data (EXIF GPS) included. Visitors to the website can download and extract any location data from images on the website.<\/p>\r\n<!-- \/wp:paragraph --><!-- wp:heading -->\r\n<h2>Cookies<\/h2>\r\n<!-- \/wp:heading --><!-- wp:paragraph -->\r\n<p><strong class=\"privacy-policy-tutorial\">Suggested text: <\/strong>If you leave a comment on our site you may opt-in to saving your name, email address and website in cookies. These are for your convenience so that you do not have to fill in your details again when you leave another comment. These cookies will last for one year.<\/p>\r\n<!-- \/wp:paragraph --><!-- wp:paragraph -->\r\n<p>If you visit our login page, we will set a temporary cookie to determine if your browser accepts cookies. This cookie contains no personal data and is discarded when you close your browser.<\/p>\r\n<!-- \/wp:paragraph --><!-- wp:paragraph -->\r\n<p>When you log in, we will also set up several cookies to save your login information and your screen display choices. Login cookies last for two days, and screen options cookies last for a year. If you select \"Remember Me\", your login will persist for two weeks. If you log out of your account, the login cookies will be removed.<\/p>\r\n<!-- \/wp:paragraph --><!-- wp:paragraph -->\r\n<p>If you edit or publish an article, an additional cookie will be saved in your browser. This cookie includes no personal data and simply indicates the post ID of the article you just edited. It expires after 1 day.<\/p>\r\n<!-- \/wp:paragraph --><!-- wp:heading -->\r\n<h2>Embedded content from other websites<\/h2>\r\n<!-- \/wp:heading --><!-- wp:paragraph -->\r\n<p><strong class=\"privacy-policy-tutorial\">Suggested text: <\/strong>Articles on this site may include embedded content (e.g. videos, images, articles, etc.). Embedded content from other websites behaves in the exact same way as if the visitor has visited the other website.<\/p>\r\n<!-- \/wp:paragraph --><!-- wp:paragraph -->\r\n<p>These websites may collect data about you, use cookies, embed additional third-party tracking, and monitor your interaction with that embedded content, including tracking your interaction with the embedded content if you have an account and are logged in to that website.<\/p>\r\n<!-- \/wp:paragraph --><!-- wp:heading -->\r\n<h2>Who we share your data with<\/h2>\r\n<!-- \/wp:heading --><!-- wp:paragraph -->\r\n<p><strong class=\"privacy-policy-tutorial\">Suggested text: <\/strong>If you request a password reset, your IP address will be included in the reset email.<\/p>\r\n<!-- \/wp:paragraph --><!-- wp:heading -->\r\n<h2>How long we retain your data<\/h2>\r\n<!-- \/wp:heading --><!-- wp:paragraph -->\r\n<p><strong class=\"privacy-policy-tutorial\">Suggested text: <\/strong>If you leave a comment, the comment and its metadata are retained indefinitely. This is so we can recognize and approve any follow-up comments automatically instead of holding them in a moderation queue.<\/p>\r\n<!-- \/wp:paragraph --><!-- wp:paragraph -->\r\n<p>For users that register on our website (if any), we also store the personal information they provide in their user profile. All users can see, edit, or delete their personal information at any time (except they cannot change their username). Website administrators can also see and edit that information.<\/p>\r\n<!-- \/wp:paragraph --><!-- wp:heading -->\r\n<h2>What rights you have over your data<\/h2>\r\n<!-- \/wp:heading --><!-- wp:paragraph -->\r\n<p><strong class=\"privacy-policy-tutorial\">Suggested text: <\/strong>If you have an account on this site, or have left comments, you can request to receive an exported file of the personal data we hold about you, including any data you have provided to us. You can also request that we erase any personal data we hold about you. This does not include any data we are obliged to keep for administrative, legal, or security purposes.<\/p>\r\n<!-- \/wp:paragraph --><!-- wp:heading -->\r\n<h2>Where your data is sent<\/h2>\r\n<!-- \/wp:heading --><!-- wp:paragraph -->\r\n<p><strong class=\"privacy-policy-tutorial\">Suggested text: <\/strong>Visitor comments may be checked through an automated spam detection service.<\/p>\r\n<!-- \/wp:paragraph -->","_et_gb_content_width":"","footnotes":""},"class_list":["post-3","page","type-page","status-publish","hentry"],"_links":{"self":[{"href":"https:\/\/2025.ain.hr\/en\/wp-json\/wp\/v2\/pages\/3","targetHints":{"allow":["GET"]}}],"collection":[{"href":"https:\/\/2025.ain.hr\/en\/wp-json\/wp\/v2\/pages"}],"about":[{"href":"https:\/\/2025.ain.hr\/en\/wp-json\/wp\/v2\/types\/page"}],"author":[{"embeddable":true,"href":"https:\/\/2025.ain.hr\/en\/wp-json\/wp\/v2\/users\/1"}],"replies":[{"embeddable":true,"href":"https:\/\/2025.ain.hr\/en\/wp-json\/wp\/v2\/comments?post=3"}],"version-history":[{"count":3,"href":"https:\/\/2025.ain.hr\/en\/wp-json\/wp\/v2\/pages\/3\/revisions"}],"predecessor-version":[{"id":6577,"href":"https:\/\/2025.ain.hr\/en\/wp-json\/wp\/v2\/pages\/3\/revisions\/6577"}],"wp:attachment":[{"href":"https:\/\/2025.ain.hr\/en\/wp-json\/wp\/v2\/media?parent=3"}],"curies":[{"name":"wp","href":"https:\/\/api.w.org\/{rel}","templated":true}]}}