{"id":206,"date":"2022-08-17T17:10:25","date_gmt":"2022-08-17T17:10:25","guid":{"rendered":"https:\/\/2025.ain.hr\/?page_id=206"},"modified":"2024-07-01T11:04:37","modified_gmt":"2024-07-01T11:04:37","slug":"opci-akti","status":"publish","type":"page","link":"https:\/\/2025.ain.hr\/en\/o-nama\/opci-akti\/","title":{"rendered":"Op\u0107i akti"},"content":{"rendered":"<p>[et_pb_section fb_built=&#8221;1&#8243; _builder_version=&#8221;4.19.4&#8243; _module_preset=&#8221;default&#8221; custom_padding=&#8221;100px||||false|false&#8221; top_divider_style=&#8221;ramp2&#8243; top_divider_color=&#8221;#0C71C3&#8243; top_divider_flip=&#8221;vertical&#8221; global_colors_info=&#8221;{}&#8221;][et_pb_row column_structure=&#8221;3_4,1_4&#8243; _builder_version=&#8221;4.19.4&#8243; _module_preset=&#8221;default&#8221; width=&#8221;95%&#8221; custom_padding=&#8221;||0px||false|false&#8221; global_colors_info=&#8221;{}&#8221;][et_pb_column type=&#8221;3_4&#8243; _builder_version=&#8221;4.19.4&#8243; _module_preset=&#8221;default&#8221; global_colors_info=&#8221;{}&#8221;][et_pb_text ul_item_indent=&#8221;35px&#8221; _builder_version=&#8221;4.25.1&#8243; _module_preset=&#8221;default&#8221; ul_line_height=&#8221;2.3em&#8221; header_2_text_align=&#8221;left&#8221; text_orientation=&#8221;justified&#8221; hover_enabled=&#8221;0&#8243; text_font_size_tablet=&#8221;15px&#8221; text_font_size_phone=&#8221;14px&#8221; text_font_size_last_edited=&#8221;on|phone&#8221; global_colors_info=&#8221;{}&#8221; sticky_enabled=&#8221;0&#8243;]<\/p>\n<h2>Op\u0107i akti<\/h2>\n<p><span>Agencija za istra\u017eivanje nesre\u0107a u zra\u010dnom, pomorskom i \u017eeljezni\u010dkom prometu \u00a0<\/span>ima sljede\u0107e op\u0107e akte:<\/p>\n<ul>\n<li type=\"a\"><a title=\"Statut Agencije\" href=\"https:\/\/2025.ain.hr\/wp-content\/uploads\/2022\/12\/agencija_za_istrazivanje_nesreca_u_zracnom_pomorskom_i_zeljeznickom_prometu-statut.pdf\" target=\"_blank\" rel=\"noopener\">Statut<\/a><\/li>\n<li type=\"a\"><a href=\"https:\/\/2025.ain.hr\/wp-content\/uploads\/2024\/07\/Izmjene-i-dopune-statuta.pdf\" target=\"_blank\" rel=\"noopener\" title=\"Izmjene i dopune statuta\">Izmjene i dopune statuta<\/a><\/li>\n<li type=\"a\">Pravilnik o unutarnjem ustrojstvu Agencije<\/li>\n<li type=\"a\">Pravilnik o radu Agencije<\/li>\n<li type=\"a\">Pravilnik o pla\u0107ama i materijalnim pravima zaposlenika Agencije<\/li>\n<li type=\"a\">Pravilnik o materijalnim tro\u0161kovima Agencije<\/li>\n<li type=\"a\">Poslovnik o radu Upravnog Vije\u0107a Agencije<\/li>\n<li type=\"a\">Pravilnik o tajnosti podataka Agencije<\/li>\n<li type=\"a\">druge op\u0107e akte sukladno Zakonu, Zakonu o ustanovama i drugim propisima te ovom Statutu<\/li>\n<\/ul>\n<p>[\/et_pb_text][\/et_pb_column][et_pb_column type=&#8221;1_4&#8243; _builder_version=&#8221;4.19.4&#8243; _module_preset=&#8221;default&#8221; global_colors_info=&#8221;{}&#8221;][et_pb_sidebar orientation=&#8221;right&#8221; area=&#8221;et_pb_widget_area_3&#8243; show_border=&#8221;off&#8221; module_class=&#8221;onamaSidebarStyle&#8221; _builder_version=&#8221;4.19.4&#8243; _module_preset=&#8221;default&#8221; global_colors_info=&#8221;{}&#8221;][\/et_pb_sidebar][\/et_pb_column][\/et_pb_row][\/et_pb_section]<\/p>\n","protected":false},"excerpt":{"rendered":"<p>Op\u0107i akti Agencija za istra\u017eivanje nesre\u0107a u zra\u010dnom, pomorskom i \u017eeljezni\u010dkom prometu \u00a0ima sljede\u0107e op\u0107e akte: Statut Izmjene i dopune statuta Pravilnik o unutarnjem ustrojstvu Agencije Pravilnik o radu Agencije Pravilnik o pla\u0107ama i materijalnim pravima zaposlenika Agencije Pravilnik o materijalnim tro\u0161kovima Agencije Poslovnik o radu Upravnog Vije\u0107a Agencije Pravilnik o tajnosti podataka Agencije druge [&hellip;]<\/p>\n","protected":false},"author":1,"featured_media":0,"parent":46,"menu_order":0,"comment_status":"closed","ping_status":"closed","template":"","meta":{"_et_pb_use_builder":"on","_et_pb_old_content":"","_et_gb_content_width":"","footnotes":""},"class_list":["post-206","page","type-page","status-publish","hentry"],"_links":{"self":[{"href":"https:\/\/2025.ain.hr\/en\/wp-json\/wp\/v2\/pages\/206","targetHints":{"allow":["GET"]}}],"collection":[{"href":"https:\/\/2025.ain.hr\/en\/wp-json\/wp\/v2\/pages"}],"about":[{"href":"https:\/\/2025.ain.hr\/en\/wp-json\/wp\/v2\/types\/page"}],"author":[{"embeddable":true,"href":"https:\/\/2025.ain.hr\/en\/wp-json\/wp\/v2\/users\/1"}],"replies":[{"embeddable":true,"href":"https:\/\/2025.ain.hr\/en\/wp-json\/wp\/v2\/comments?post=206"}],"version-history":[{"count":3,"href":"https:\/\/2025.ain.hr\/en\/wp-json\/wp\/v2\/pages\/206\/revisions"}],"predecessor-version":[{"id":5099,"href":"https:\/\/2025.ain.hr\/en\/wp-json\/wp\/v2\/pages\/206\/revisions\/5099"}],"up":[{"embeddable":true,"href":"https:\/\/2025.ain.hr\/en\/wp-json\/wp\/v2\/pages\/46"}],"wp:attachment":[{"href":"https:\/\/2025.ain.hr\/en\/wp-json\/wp\/v2\/media?parent=206"}],"curies":[{"name":"wp","href":"https:\/\/api.w.org\/{rel}","templated":true}]}}